{"id":6436,"date":"2024-02-13T10:06:17","date_gmt":"2024-02-13T09:06:17","guid":{"rendered":"https:\/\/advanceddesign.galletti.com\/home-2024\/"},"modified":"2024-04-24T09:09:07","modified_gmt":"2024-04-24T07:09:07","slug":"home-2024","status":"publish","type":"page","link":"https:\/\/advanceddesign.galletti.com\/de\/","title":{"rendered":"Home (2024)"},"content":{"rendered":"<section class=\"l-section wpb_row hide_on_mobiles height_small width_custom\" style=\"--site-content-width:1700px;\" id=\"hero_home\"><div class=\"l-section-h i-cf\"><div class=\"g-cols vc_row via_grid cols_1 laptops-cols_inherit tablets-cols_inherit mobiles-cols_1 valign_top type_default stacking_default\"><div class=\"wpb_column vc_column_container\"><div class=\"vc_column-inner\"><div class=\"w-slider us_custom_8f2ba1f4 us_animate_this style_none fit_contain\"><div class=\"w-slider-h\"><div class=\"royalSlider\"><div class=\"rsContent\"><a class=\"rsImg\" data-rsw=\"1440\" data-rsh=\"801\" href=\"https:\/\/advanceddesign.galletti.com\/wp-content\/uploads\/2024\/04\/DE_slide_home.jpg\"><span data-alt=\"\"><\/span><\/a><\/div><div class=\"rsContent\"><a class=\"rsImg\" data-rsw=\"1440\" data-rsh=\"801\" href=\"https:\/\/advanceddesign.galletti.com\/wp-content\/uploads\/2024\/04\/slide_home_DESIGN.jpg\"><span data-alt=\"\"><\/span><\/a><\/div><div class=\"rsContent\"><a class=\"rsImg\" data-rsw=\"1440\" data-rsh=\"801\" href=\"https:\/\/advanceddesign.galletti.com\/wp-content\/uploads\/2024\/04\/slide_home_OPEN-INNOVATION2.jpg\"><span data-alt=\"\"><\/span><\/a><\/div><div class=\"rsContent\"><a class=\"rsImg\" data-rsw=\"1440\" data-rsh=\"801\" href=\"https:\/\/advanceddesign.galletti.com\/wp-content\/uploads\/2024\/04\/slide_home_TECH2.jpg\"><span data-alt=\"\"><\/span><\/a><\/div><\/div><img decoding=\"async\" src=\"https:\/\/advanceddesign.galletti.com\/wp-content\/uploads\/2024\/04\/DE_slide_home.jpg\" width=\"1440\" height=\"801\" alt loading=\"lazy\"><\/div><div class=\"w-slider-json\" onclick='return {&quot;autoScaleSlider&quot;:true,&quot;loop&quot;:true,&quot;fadeInLoadedSlide&quot;:false,&quot;slidesSpacing&quot;:0,&quot;imageScalePadding&quot;:0,&quot;numImagesToPreload&quot;:2,&quot;arrowsNav&quot;:true,&quot;arrowsNavAutoHide&quot;:false,&quot;transitionType&quot;:&quot;move&quot;,&quot;transitionSpeed&quot;:250,&quot;block&quot;:{&quot;moveEffect&quot;:&quot;none&quot;,&quot;speed&quot;:300},&quot;thumbs&quot;:{&quot;fitInViewport&quot;:false},&quot;controlNavigation&quot;:&quot;none&quot;,&quot;imageScaleMode&quot;:&quot;fit&quot;,&quot;autoScaleSliderWidth&quot;:1440,&quot;autoScaleSliderHeight&quot;:801}'><\/div><\/div><\/div><\/div><\/div><\/div><\/section><section class=\"l-section wpb_row us_custom_8a765442 hide_on_default hide_on_laptops hide_on_tablets height_small width_custom\" style=\"--site-content-width:1700px;\" id=\"hero_home\"><div class=\"l-section-h i-cf\"><div class=\"g-cols vc_row via_grid cols_1 laptops-cols_inherit tablets-cols_inherit mobiles-cols_1 valign_top type_default stacking_default\"><div class=\"wpb_column vc_column_container\"><div class=\"vc_column-inner\"><div class=\"w-slider us_custom_8f2ba1f4 us_animate_this style_none fit_contain\"><div class=\"w-slider-h\"><div class=\"royalSlider\"><div class=\"rsContent\"><a class=\"rsImg\" data-rsw=\"1080\" data-rsh=\"1400\" href=\"https:\/\/advanceddesign.galletti.com\/wp-content\/uploads\/2024\/04\/DE_slide_home-mobile.jpg\"><span data-alt=\"\"><\/span><\/a><\/div><div class=\"rsContent\"><a class=\"rsImg\" data-rsw=\"1080\" data-rsh=\"1400\" href=\"https:\/\/advanceddesign.galletti.com\/wp-content\/uploads\/2024\/04\/slide_home-mobile_design2.jpg\"><span data-alt=\"\"><\/span><\/a><\/div><div class=\"rsContent\"><a class=\"rsImg\" data-rsw=\"1080\" data-rsh=\"1400\" href=\"https:\/\/advanceddesign.galletti.com\/wp-content\/uploads\/2024\/04\/slide_home-mobile_open.jpg\"><span data-alt=\"\"><\/span><\/a><\/div><div class=\"rsContent\"><a class=\"rsImg\" data-rsw=\"1080\" data-rsh=\"1400\" href=\"https:\/\/advanceddesign.galletti.com\/wp-content\/uploads\/2024\/04\/slide_home-mobile_tech2.jpg\"><span data-alt=\"\"><\/span><\/a><\/div><\/div><img decoding=\"async\" src=\"https:\/\/advanceddesign.galletti.com\/wp-content\/uploads\/2024\/04\/DE_slide_home-mobile.jpg\" width=\"1080\" height=\"1400\" alt loading=\"lazy\"><\/div><div class=\"w-slider-json\" onclick='return {&quot;autoScaleSlider&quot;:true,&quot;loop&quot;:true,&quot;fadeInLoadedSlide&quot;:false,&quot;slidesSpacing&quot;:0,&quot;imageScalePadding&quot;:0,&quot;numImagesToPreload&quot;:2,&quot;arrowsNav&quot;:true,&quot;arrowsNavAutoHide&quot;:false,&quot;transitionType&quot;:&quot;move&quot;,&quot;transitionSpeed&quot;:250,&quot;block&quot;:{&quot;moveEffect&quot;:&quot;none&quot;,&quot;speed&quot;:300},&quot;thumbs&quot;:{&quot;fitInViewport&quot;:false},&quot;controlNavigation&quot;:&quot;none&quot;,&quot;imageScaleMode&quot;:&quot;fit&quot;,&quot;autoScaleSliderWidth&quot;:1080,&quot;autoScaleSliderHeight&quot;:1400}'><\/div><\/div><\/div><\/div><\/div><\/div><\/section><section class=\"l-section wpb_row section_text height_huge\"><div class=\"l-section-h i-cf\"><div class=\"g-cols vc_row via_grid cols_1 laptops-cols_inherit tablets-cols_inherit mobiles-cols_1 valign_top type_default stacking_default\"><div class=\"wpb_column vc_column_container\"><div class=\"vc_column-inner\"><div class=\"g-cols wpb_row via_grid cols_7-5 laptops-cols_inherit tablets-cols_inherit mobiles-cols_1 valign_top type_default stacking_default\"><div class=\"wpb_column vc_column_container\"><div class=\"vc_column-inner\"><div class=\"wpb_text_column us_custom_4a593b65 us_animate_this\"><div class=\"wpb_wrapper\"><h2>Design Thinking und Open Innovation, f\u00fcr neue zeitgem\u00e4\u00dfe L\u00f6sungen.<\/h2>\n<\/div><\/div><\/div><\/div><div class=\"wpb_column vc_column_container\"><div class=\"vc_column-inner\"><div class=\"wpb_text_column us_custom_5374f916 us_animate_this\"><div class=\"wpb_wrapper\"><p>Wir verfolgen einen innovativen Ansatz, weil wir an unsere L\u00f6sungen als Mittelpunkt eines \u00d6kosystems denken, das bei den neuen Paradigmen f\u00fcr den Bau von R\u00e4umen beginnt und beim Komfort f\u00fcr die Menschen endet.<br \/>\nWir holen uns unsere Inspiration aus verschiedenen Sachgebieten und Sektoren, um zukunftsweisende L\u00f6sungen zu schaffen, die den Anspr\u00fcchen der Menschen und der Nachhaltigkeit gerecht werden. Das ist Design Thinking. Das ist das, was wir unter Open Innovation verstehen.<\/p>\n<\/div><\/div><\/div><\/div><\/div><\/div><\/div><\/div><\/div><\/section><section class=\"l-section wpb_row section_slide height_medium width_custom\" style=\"--site-content-width:1250px;\"><div class=\"l-section-h i-cf\"><div class=\"g-cols vc_row via_grid cols_1 laptops-cols_inherit tablets-cols_inherit mobiles-cols_1 valign_top type_default stacking_default\"><div class=\"wpb_column vc_column_container\"><div class=\"vc_column-inner\"><div class=\"g-cols wpb_row via_grid cols_1 laptops-cols_inherit tablets-cols_inherit mobiles-cols_1 valign_top type_default stacking_default\"><div class=\"wpb_column vc_column_container\"><div class=\"vc_column-inner\"><div class=\"w-image align_left\"><div class=\"w-image-h\"><img loading=\"lazy\" decoding=\"async\" width=\"391\" height=\"247\" src=\"https:\/\/advanceddesign.galletti.com\/wp-content\/uploads\/2023\/06\/img_ad_01_home.jpg\" class=\"attachment-full size-full\" alt=\"\" srcset=\"https:\/\/advanceddesign.galletti.com\/wp-content\/uploads\/2023\/06\/img_ad_01_home.jpg 391w, https:\/\/advanceddesign.galletti.com\/wp-content\/uploads\/2023\/06\/img_ad_01_home-300x190.jpg 300w\" sizes=\"auto, (max-width: 391px) 100vw, 391px\" \/><\/div><\/div><div class=\"w-slider style_none fit_scaledown\"><div class=\"w-slider-h\"><div class=\"royalSlider\"><div class=\"rsContent\"><a class=\"rsImg\" data-rsw=\"1153\" data-rsh=\"650\" href=\"https:\/\/advanceddesign.galletti.com\/wp-content\/uploads\/2023\/06\/slide_ad_01_home.jpg\"><span data-alt=\"\"><\/span><\/a><\/div><div class=\"rsContent\"><a class=\"rsImg\" data-rsw=\"1153\" data-rsh=\"650\" href=\"https:\/\/advanceddesign.galletti.com\/wp-content\/uploads\/2023\/06\/slide_ad_02_home.jpg\"><span data-alt=\"\"><\/span><\/a><\/div><div class=\"rsContent\"><a class=\"rsImg\" data-rsw=\"1153\" data-rsh=\"650\" href=\"https:\/\/advanceddesign.galletti.com\/wp-content\/uploads\/2023\/06\/slide_ad_03_home.jpg\"><span data-alt=\"\"><\/span><\/a><\/div><\/div><img decoding=\"async\" src=\"https:\/\/advanceddesign.galletti.com\/wp-content\/uploads\/2023\/06\/slide_ad_01_home.jpg\" width=\"1153\" height=\"650\" alt loading=\"lazy\"><\/div><div class=\"w-slider-json\" onclick='return {&quot;autoScaleSlider&quot;:true,&quot;loop&quot;:true,&quot;fadeInLoadedSlide&quot;:false,&quot;slidesSpacing&quot;:0,&quot;imageScalePadding&quot;:0,&quot;numImagesToPreload&quot;:2,&quot;arrowsNav&quot;:false,&quot;arrowsNavAutoHide&quot;:false,&quot;transitionType&quot;:&quot;fade&quot;,&quot;transitionSpeed&quot;:800,&quot;block&quot;:{&quot;moveEffect&quot;:&quot;none&quot;,&quot;speed&quot;:300},&quot;thumbs&quot;:{&quot;fitInViewport&quot;:false},&quot;controlNavigation&quot;:&quot;none&quot;,&quot;autoplay&quot;:{&quot;enabled&quot;:true,&quot;pauseOnHover&quot;:false,&quot;delay&quot;:3000},&quot;imageScaleMode&quot;:&quot;fit-if-smaller&quot;,&quot;autoScaleSliderWidth&quot;:1153,&quot;autoScaleSliderHeight&quot;:650}'><\/div><\/div><\/div><\/div><\/div><div class=\"g-cols wpb_row via_grid cols_2 laptops-cols_inherit tablets-cols_inherit mobiles-cols_1 valign_top type_default stacking_default\"><div class=\"wpb_column vc_column_container\"><div class=\"vc_column-inner\"><div class=\"wpb_text_column\"><div class=\"wpb_wrapper\"><h1>Advanced<br \/>\nDesign<\/h1>\n<\/div><\/div><\/div><\/div><div class=\"wpb_column vc_column_container\"><div class=\"vc_column-inner\"><div class=\"w-image align_right\"><div class=\"w-image-h\"><img loading=\"lazy\" decoding=\"async\" width=\"327\" height=\"494\" src=\"https:\/\/advanceddesign.galletti.com\/wp-content\/uploads\/2024\/03\/chiller-homepage.jpg\" class=\"attachment-full size-full\" alt=\"\" srcset=\"https:\/\/advanceddesign.galletti.com\/wp-content\/uploads\/2024\/03\/chiller-homepage.jpg 327w, https:\/\/advanceddesign.galletti.com\/wp-content\/uploads\/2024\/03\/chiller-homepage-199x300.jpg 199w\" sizes=\"auto, (max-width: 327px) 100vw, 327px\" \/><\/div><\/div><\/div><\/div><\/div><\/div><\/div><\/div><\/div><\/section><section class=\"l-section wpb_row us_custom_f029a2ba section_text height_small\"><div class=\"l-section-h i-cf\"><div class=\"g-cols vc_row via_grid cols_1 laptops-cols_inherit tablets-cols_inherit mobiles-cols_1 valign_top type_default stacking_default\"><div class=\"wpb_column vc_column_container\"><div class=\"vc_column-inner\"><div class=\"g-cols wpb_row via_grid cols_5-7 laptops-cols_inherit tablets-cols_inherit mobiles-cols_1 valign_top type_default stacking_default\"><div class=\"wpb_column vc_column_container\"><div class=\"vc_column-inner\"><div class=\"wpb_text_column us_custom_5374f916 us_animate_this\"><div class=\"wpb_wrapper\"><p>An die Zukunft zu denken, bedeutet nicht nur, eine \u201esch\u00f6ne Form\u201c zu suchen, sondern die optimale Beziehung zwischen Technologie und Umwelt zu finden. Unser Ziel und unser Erfolg besteht darin, die perfekte Klimatisierungserfahrung zu bieten. Das ist unsere Vorstellung von Unternehmen und der Weg, den wir mit dem Projekt Galletti Advanced Design und unseren Produkten eingeschlagen haben.<br \/>\nMachen Sie es sich bequem!<\/p>\n<\/div><\/div><\/div><\/div><div class=\"wpb_column vc_column_container\"><div class=\"vc_column-inner\"><div class=\"wpb_text_column us_custom_4a593b65 us_animate_this\"><div class=\"wpb_wrapper\"><h2>\u00dcber die Grenzen der Komfort-Klimatisierung hinaus, um neue Konzepte f\u00fcr Effizienz, Design, Materialien und individuelle Gestaltung zu entwickeln.<\/h2>\n<\/div><\/div><\/div><\/div><\/div><\/div><\/div><\/div><\/div><\/section><section class=\"l-section wpb_row section_carousel carousel_1 height_small width_full\"><div class=\"l-section-h i-cf\"><div class=\"g-cols vc_row via_grid cols_1 laptops-cols_inherit tablets-cols_inherit mobiles-cols_1 valign_top type_default stacking_default\"><div class=\"wpb_column vc_column_container\"><div class=\"vc_column-inner\"><div class=\"g-cols wpb_row us_custom_8663b8e9 via_grid cols_1 laptops-cols_inherit tablets-cols_inherit mobiles-cols_1 valign_top type_default stacking_default\"><div class=\"wpb_column vc_column_container\"><div class=\"vc_column-inner\"><\/div><\/div><\/div><\/div><\/div><\/div><\/div><\/section><section class=\"l-section wpb_row section_carousel carousel_2 height_small width_full\"><div class=\"l-section-h i-cf\"><div class=\"g-cols vc_row via_grid cols_1 laptops-cols_inherit tablets-cols_inherit mobiles-cols_1 valign_top type_default stacking_default\"><div class=\"wpb_column vc_column_container\"><div class=\"vc_column-inner\"><div class=\"g-cols wpb_row us_custom_8663b8e9 via_grid cols_1 laptops-cols_inherit tablets-cols_inherit mobiles-cols_1 valign_top type_default stacking_default\"><div class=\"wpb_column vc_column_container\"><div class=\"vc_column-inner\"><\/div><\/div><\/div><\/div><\/div><\/div><\/div><\/section><section class=\"l-section wpb_row section_text section_text_2 height_huge\"><div class=\"l-section-h i-cf\"><div class=\"g-cols vc_row via_grid cols_1 laptops-cols_inherit tablets-cols_inherit mobiles-cols_1 valign_top type_default stacking_default\"><div class=\"wpb_column vc_column_container\"><div class=\"vc_column-inner\"><div class=\"g-cols wpb_row via_grid cols_7-5 laptops-cols_inherit tablets-cols_inherit mobiles-cols_1 valign_top type_default stacking_default\"><div class=\"wpb_column vc_column_container\"><div class=\"vc_column-inner\"><div class=\"wpb_text_column us_custom_4a593b65 us_animate_this\"><div class=\"wpb_wrapper\"><h2>Dies ist unser Blick in die Zukunft.<\/h2>\n<\/div><\/div><\/div><\/div><div class=\"wpb_column vc_column_container has-link\"><div class=\"vc_column-inner\"><div class=\"wpb_text_column us_custom_5374f916 us_animate_this\"><div class=\"wpb_wrapper\"><p>Die Verarbeitung von Materialien ist seit dem fr\u00fchen 20. Jahrhundert unsere Leidenschaft, und nach mehr als 100 Jahren Geschichte sind wir nun einer der Player mit einem der umfangreichsten und komplettesten Kataloge der Branche, auf den die Komfort-Klimatisierung auf internationaler Ebene Bezug nimmt. Wir streben eine Zukunft an, in der Komfort unter Ber\u00fccksichtigung der Nachhaltigkeit erreicht wird, indem wir die verf\u00fcgbaren Ressourcen optimal nutzen, immer effizientere Produkte entwerfen und herstellen und so die Auswirkungen dieser Produkte und Systeme in ihrer Gesamtheit minimieren.<\/p>\n<p>Wir verbessern unsere Produkte st\u00e4ndig, ohne zu vergessen, dass eine optimale Systemleistung immer das Ergebnis des Beitrags aller beteiligten Zust\u00e4ndigkeiten ist.<br \/>\nWir wollen mit bahnbrechenden Ideen und konkreten, auf Nachhaltigkeit ausgerichteten L\u00f6sungen die Standards in der HLKK-Branche neu definieren, um unsere Auswirkungen auf die Umwelt zu reduzieren.<\/p>\n<p><strong>Dies ist die Essenz von Gallettis Advanced Design.<\/strong><\/p>\n<\/div><\/div><\/div><a title=\"Design Solution\" href=\"\/design-solution\/\" class=\"vc_column-link smooth-scroll\"><\/a><\/div><\/div><\/div><\/div><\/div><\/div><\/section><section class=\"l-section wpb_row us_custom_52658dcb section_carousel carousel_3 height_huge width_full\"><div class=\"l-section-h i-cf\"><div class=\"g-cols vc_row via_grid cols_1 laptops-cols_inherit tablets-cols_inherit mobiles-cols_1 valign_top type_default stacking_default\"><div class=\"wpb_column vc_column_container\"><div class=\"vc_column-inner\"><div class=\"g-cols wpb_row us_custom_8663b8e9 via_grid cols_1 laptops-cols_inherit tablets-cols_inherit mobiles-cols_1 valign_top type_default stacking_default\"><div class=\"wpb_column vc_column_container\"><div class=\"vc_column-inner\"><\/div><\/div><\/div><\/div><\/div><\/div><\/div><\/section>\n","protected":false},"excerpt":{"rendered":"Design Thinking und Open Innovation, f\u00fcr neue zeitgem\u00e4\u00dfe L\u00f6sungen. Wir verfolgen einen innovativen Ansatz, weil wir an unsere L\u00f6sungen als Mittelpunkt eines \u00d6kosystems denken, das bei den neuen Paradigmen f\u00fcr den Bau von R\u00e4umen beginnt und beim Komfort f\u00fcr die Menschen endet. Wir holen uns unsere Inspiration aus verschiedenen Sachgebieten und Sektoren, um zukunftsweisende L\u00f6sungen...","protected":false},"author":2,"featured_media":0,"parent":0,"menu_order":0,"comment_status":"closed","ping_status":"closed","template":"","meta":{"inline_featured_image":false,"footnotes":""},"class_list":["post-6436","page","type-page","status-publish","hentry"],"acf":[],"_links":{"self":[{"href":"https:\/\/advanceddesign.galletti.com\/de\/wp-json\/wp\/v2\/pages\/6436","targetHints":{"allow":["GET"]}}],"collection":[{"href":"https:\/\/advanceddesign.galletti.com\/de\/wp-json\/wp\/v2\/pages"}],"about":[{"href":"https:\/\/advanceddesign.galletti.com\/de\/wp-json\/wp\/v2\/types\/page"}],"author":[{"embeddable":true,"href":"https:\/\/advanceddesign.galletti.com\/de\/wp-json\/wp\/v2\/users\/2"}],"replies":[{"embeddable":true,"href":"https:\/\/advanceddesign.galletti.com\/de\/wp-json\/wp\/v2\/comments?post=6436"}],"version-history":[{"count":4,"href":"https:\/\/advanceddesign.galletti.com\/de\/wp-json\/wp\/v2\/pages\/6436\/revisions"}],"predecessor-version":[{"id":6454,"href":"https:\/\/advanceddesign.galletti.com\/de\/wp-json\/wp\/v2\/pages\/6436\/revisions\/6454"}],"wp:attachment":[{"href":"https:\/\/advanceddesign.galletti.com\/de\/wp-json\/wp\/v2\/media?parent=6436"}],"curies":[{"name":"wp","href":"https:\/\/api.w.org\/{rel}","templated":true}]}}