{"id":2479,"date":"2023-06-23T17:53:06","date_gmt":"2023-06-23T15:53:06","guid":{"rendered":"https:\/\/advanceddesign.galletti.com\/awards\/"},"modified":"2023-07-13T12:23:31","modified_gmt":"2023-07-13T10:23:31","slug":"awards","status":"publish","type":"page","link":"https:\/\/advanceddesign.galletti.com\/es\/awards\/","title":{"rendered":"Awards"},"content":{"rendered":"<section class=\"l-section wpb_row mask_title height_medium\" id=\"mask_awards\"><div class=\"l-section-h i-cf\"><div class=\"g-cols vc_row via_grid cols_1 laptops-cols_inherit tablets-cols_inherit mobiles-cols_1 valign_top type_default stacking_default\"><div class=\"wpb_column vc_column_container\"><div class=\"vc_column-inner\"><div class=\"w-image hide align_left\"><div class=\"w-image-h\"><img loading=\"lazy\" decoding=\"async\" width=\"387\" height=\"84\" src=\"https:\/\/advanceddesign.galletti.com\/wp-content\/uploads\/2023\/06\/AWARDS_title.png\" class=\"attachment-full size-full\" alt=\"\" srcset=\"https:\/\/advanceddesign.galletti.com\/wp-content\/uploads\/2023\/06\/AWARDS_title.png 387w, https:\/\/advanceddesign.galletti.com\/wp-content\/uploads\/2023\/06\/AWARDS_title-300x65.png 300w\" sizes=\"auto, (max-width: 387px) 100vw, 387px\" \/><\/div><\/div><div class=\"wpb_text_column\"><div class=\"wpb_wrapper\"><h1>Awards<\/h1>\n<\/div><\/div><\/div><\/div><\/div><\/div><\/section><section class=\"l-section wpb_row grid_awards height_medium\"><div class=\"l-section-h i-cf\"><div class=\"g-cols vc_row via_grid cols_1 laptops-cols_inherit tablets-cols_inherit mobiles-cols_1 valign_top type_default stacking_default\"><div class=\"wpb_column vc_column_container\"><div class=\"vc_column-inner\"><div class=\"w-grid type_grid layout_597\" id=\"us_grid_1\" style=\"--gap:0px;\" data-filterable=\"true\"><style>.layout_597 .w-grid-item-h{}.layout_597 .usg_post_image_1{width:75%!important}.layout_597 .usg_post_title_1{font-size:24px!important;line-height:32px!important;font-weight:400!important;text-transform:uppercase!important}.layout_597 .usg_vwrapper_1{width:25%!important;padding:30px!important}@media (min-width:1025px) and (max-width:1380px){.layout_597 .usg_post_image_1{width:70%!important}.layout_597 .usg_vwrapper_1{width:30%!important;padding-top:1rem!important;padding-right:5%!important}}@media (min-width:768px) and (max-width:1024px){.layout_597 .usg_post_image_1{width:100%!important}.layout_597 .usg_vwrapper_1{width:100%!important;padding-top:1rem!important;padding-right:0!important}}@media (max-width:767px){.layout_597 .usg_post_image_1{width:100%!important}.layout_597 .usg_vwrapper_1{width:100%!important;padding-top:1rem!important;padding-right:0!important}}<\/style><div class=\"w-grid-list\">\t<article class=\"w-grid-item post-2155 post type-post status-publish format-standard has-post-thumbnail hentry category-awards\" data-id=\"2155\">\r\n\t\t<div class=\"w-grid-item-h\">\r\n\t\t\t\t\t\t\t<a class=\"w-grid-item-anchor\" href=\"https:\/\/advanceddesign.galletti.com\/es\/art-u-obtiene-el-good-design-award\/\" rel=\"bookmark\" aria-label=\"ART-U OBTIENE EL GOOD DESIGN AWARD\"><\/a>\r\n\t\t\t\t\t\t<div class=\"w-hwrapper usg_hwrapper_1 align_none valign_bottom wrap\" style=\"--hwrapper-gap:0rem\"><div class=\"w-vwrapper usg_vwrapper_1 align_none valign_top\"><h2 class=\"w-post-elm post_title usg_post_title_1 entry-title color_link_inherit\"><a href=\"https:\/\/advanceddesign.galletti.com\/es\/art-u-obtiene-el-good-design-award\/\">ART-U OBTIENE EL GOOD DESIGN AWARD<\/a><\/h2><div class=\"w-post-elm post_custom_field usg_post_custom_field_1 type_text titoletto\"><span class=\"w-post-elm-value\">WINNER 2021<\/span><\/div><\/div><div class=\"w-post-elm post_image usg_post_image_1 has_width\"><a href=\"https:\/\/advanceddesign.galletti.com\/es\/art-u-obtiene-el-good-design-award\/\" aria-label=\"ART-U OBTIENE EL GOOD DESIGN AWARD\"><img loading=\"lazy\" decoding=\"async\" width=\"876\" height=\"416\" src=\"https:\/\/advanceddesign.galletti.com\/wp-content\/uploads\/2023\/06\/Group-37-3.jpg\" class=\"attachment-full size-full wp-post-image\" alt=\"\" srcset=\"https:\/\/advanceddesign.galletti.com\/wp-content\/uploads\/2023\/06\/Group-37-3.jpg 876w, https:\/\/advanceddesign.galletti.com\/wp-content\/uploads\/2023\/06\/Group-37-3-300x142.jpg 300w\" sizes=\"auto, (max-width: 876px) 100vw, 876px\" \/><\/a><\/div><\/div>\t\t<\/div>\r\n\t<\/article>\r\n\t<article class=\"w-grid-item post-2161 post type-post status-publish format-standard has-post-thumbnail hentry category-awards\" data-id=\"2161\">\r\n\t\t<div class=\"w-grid-item-h\">\r\n\t\t\t\t\t\t\t<a class=\"w-grid-item-anchor\" href=\"https:\/\/advanceddesign.galletti.com\/es\/art-u-candidato-al-premio-compasso-doro\/\" rel=\"bookmark\" aria-label=\"ART-U CANDIDATO AL PREMIO COMPASSO D\u2019ORO\"><\/a>\r\n\t\t\t\t\t\t<div class=\"w-hwrapper usg_hwrapper_1 align_none valign_bottom wrap\" style=\"--hwrapper-gap:0rem\"><div class=\"w-vwrapper usg_vwrapper_1 align_none valign_top\"><h2 class=\"w-post-elm post_title usg_post_title_1 entry-title color_link_inherit\"><a href=\"https:\/\/advanceddesign.galletti.com\/es\/art-u-candidato-al-premio-compasso-doro\/\">ART-U CANDIDATO AL PREMIO COMPASSO D\u2019ORO<\/a><\/h2><div class=\"w-post-elm post_custom_field usg_post_custom_field_1 type_text titoletto\"><span class=\"w-post-elm-value\">ART-U AWARDS<\/span><\/div><\/div><div class=\"w-post-elm post_image usg_post_image_1 has_width\"><a href=\"https:\/\/advanceddesign.galletti.com\/es\/art-u-candidato-al-premio-compasso-doro\/\" aria-label=\"ART-U CANDIDATO AL PREMIO COMPASSO D\u2019ORO\"><img loading=\"lazy\" decoding=\"async\" width=\"876\" height=\"416\" src=\"https:\/\/advanceddesign.galletti.com\/wp-content\/uploads\/2023\/06\/Group-37-2.jpg\" class=\"attachment-full size-full wp-post-image\" alt=\"\" srcset=\"https:\/\/advanceddesign.galletti.com\/wp-content\/uploads\/2023\/06\/Group-37-2.jpg 876w, https:\/\/advanceddesign.galletti.com\/wp-content\/uploads\/2023\/06\/Group-37-2-300x142.jpg 300w\" sizes=\"auto, (max-width: 876px) 100vw, 876px\" \/><\/a><\/div><\/div>\t\t<\/div>\r\n\t<\/article>\r\n\t<article class=\"w-grid-item post-2165 post type-post status-publish format-standard has-post-thumbnail hentry category-awards\" data-id=\"2165\">\r\n\t\t<div class=\"w-grid-item-h\">\r\n\t\t\t\t\t\t\t<a class=\"w-grid-item-anchor\" href=\"https:\/\/advanceddesign.galletti.com\/es\/architecture-masterprize-award\/\" rel=\"bookmark\" aria-label=\"ARCHITECTURE MASTERPRIZE AWARD\"><\/a>\r\n\t\t\t\t\t\t<div class=\"w-hwrapper usg_hwrapper_1 align_none valign_bottom wrap\" style=\"--hwrapper-gap:0rem\"><div class=\"w-vwrapper usg_vwrapper_1 align_none valign_top\"><h2 class=\"w-post-elm post_title usg_post_title_1 entry-title color_link_inherit\"><a href=\"https:\/\/advanceddesign.galletti.com\/es\/architecture-masterprize-award\/\">ARCHITECTURE MASTERPRIZE AWARD<\/a><\/h2><div class=\"w-post-elm post_custom_field usg_post_custom_field_1 type_text titoletto\"><span class=\"w-post-elm-value\">WINNER 2020<\/span><\/div><\/div><div class=\"w-post-elm post_image usg_post_image_1 has_width\"><a href=\"https:\/\/advanceddesign.galletti.com\/es\/architecture-masterprize-award\/\" aria-label=\"ARCHITECTURE MASTERPRIZE AWARD\"><img loading=\"lazy\" decoding=\"async\" width=\"876\" height=\"416\" src=\"https:\/\/advanceddesign.galletti.com\/wp-content\/uploads\/2023\/06\/Group-37-1.jpg\" class=\"attachment-full size-full wp-post-image\" alt=\"\" srcset=\"https:\/\/advanceddesign.galletti.com\/wp-content\/uploads\/2023\/06\/Group-37-1.jpg 876w, https:\/\/advanceddesign.galletti.com\/wp-content\/uploads\/2023\/06\/Group-37-1-300x142.jpg 300w\" sizes=\"auto, (max-width: 876px) 100vw, 876px\" \/><\/a><\/div><\/div>\t\t<\/div>\r\n\t<\/article>\r\n\t<article class=\"w-grid-item post-2169 post type-post status-publish format-standard has-post-thumbnail hentry category-awards\" data-id=\"2169\">\r\n\t\t<div class=\"w-grid-item-h\">\r\n\t\t\t\t\t\t\t<a class=\"w-grid-item-anchor\" href=\"https:\/\/advanceddesign.galletti.com\/es\/bigsee-award\/\" rel=\"bookmark\" aria-label=\"BIGSEE AWARD\"><\/a>\r\n\t\t\t\t\t\t<div class=\"w-hwrapper usg_hwrapper_1 align_none valign_bottom wrap\" style=\"--hwrapper-gap:0rem\"><div class=\"w-vwrapper usg_vwrapper_1 align_none valign_top\"><h2 class=\"w-post-elm post_title usg_post_title_1 entry-title color_link_inherit\"><a href=\"https:\/\/advanceddesign.galletti.com\/es\/bigsee-award\/\">BIGSEE AWARD<\/a><\/h2><div class=\"w-post-elm post_custom_field usg_post_custom_field_1 type_text titoletto\"><span class=\"w-post-elm-value\">WINNER 2020<\/span><\/div><\/div><div class=\"w-post-elm post_image usg_post_image_1 has_width\"><a href=\"https:\/\/advanceddesign.galletti.com\/es\/bigsee-award\/\" aria-label=\"BIGSEE AWARD\"><img loading=\"lazy\" decoding=\"async\" width=\"876\" height=\"416\" src=\"https:\/\/advanceddesign.galletti.com\/wp-content\/uploads\/2023\/06\/Group-37.jpg\" class=\"attachment-full size-full wp-post-image\" alt=\"\" srcset=\"https:\/\/advanceddesign.galletti.com\/wp-content\/uploads\/2023\/06\/Group-37.jpg 876w, https:\/\/advanceddesign.galletti.com\/wp-content\/uploads\/2023\/06\/Group-37-300x142.jpg 300w\" sizes=\"auto, (max-width: 876px) 100vw, 876px\" \/><\/a><\/div><\/div>\t\t<\/div>\r\n\t<\/article>\r\n\t<article class=\"w-grid-item post-2174 post type-post status-publish format-standard has-post-thumbnail hentry category-awards\" data-id=\"2174\">\r\n\t\t<div class=\"w-grid-item-h\">\r\n\t\t\t\t\t\t\t<a class=\"w-grid-item-anchor\" href=\"https:\/\/advanceddesign.galletti.com\/es\/red-dot-design-award\/\" rel=\"bookmark\" aria-label=\"Red Dot Design Award\"><\/a>\r\n\t\t\t\t\t\t<div class=\"w-hwrapper usg_hwrapper_1 align_none valign_bottom wrap\" style=\"--hwrapper-gap:0rem\"><div class=\"w-vwrapper usg_vwrapper_1 align_none valign_top\"><h2 class=\"w-post-elm post_title usg_post_title_1 entry-title color_link_inherit\"><a href=\"https:\/\/advanceddesign.galletti.com\/es\/red-dot-design-award\/\">Red Dot Design Award<\/a><\/h2><div class=\"w-post-elm post_custom_field usg_post_custom_field_1 type_text titoletto\"><span class=\"w-post-elm-value\">WINNER 2020<\/span><\/div><\/div><div class=\"w-post-elm post_image usg_post_image_1 has_width\"><a href=\"https:\/\/advanceddesign.galletti.com\/es\/red-dot-design-award\/\" aria-label=\"Red Dot Design Award\"><img loading=\"lazy\" decoding=\"async\" width=\"876\" height=\"416\" src=\"https:\/\/advanceddesign.galletti.com\/wp-content\/uploads\/2023\/06\/Red-Dot-Design-Award.jpg\" class=\"attachment-full size-full wp-post-image\" alt=\"\" srcset=\"https:\/\/advanceddesign.galletti.com\/wp-content\/uploads\/2023\/06\/Red-Dot-Design-Award.jpg 876w, https:\/\/advanceddesign.galletti.com\/wp-content\/uploads\/2023\/06\/Red-Dot-Design-Award-300x142.jpg 300w\" sizes=\"auto, (max-width: 876px) 100vw, 876px\" \/><\/a><\/div><\/div>\t\t<\/div>\r\n\t<\/article>\r\n\t<article class=\"w-grid-item post-2179 post type-post status-publish format-standard has-post-thumbnail hentry category-awards\" data-id=\"2179\">\r\n\t\t<div class=\"w-grid-item-h\">\r\n\t\t\t\t\t\t\t<a class=\"w-grid-item-anchor\" href=\"https:\/\/advanceddesign.galletti.com\/es\/archiproducts-design-awards\/\" rel=\"bookmark\" aria-label=\"Archiproducts Design Awards\"><\/a>\r\n\t\t\t\t\t\t<div class=\"w-hwrapper usg_hwrapper_1 align_none valign_bottom wrap\" style=\"--hwrapper-gap:0rem\"><div class=\"w-vwrapper usg_vwrapper_1 align_none valign_top\"><h2 class=\"w-post-elm post_title usg_post_title_1 entry-title color_link_inherit\"><a href=\"https:\/\/advanceddesign.galletti.com\/es\/archiproducts-design-awards\/\">Archiproducts Design Awards<\/a><\/h2><div class=\"w-post-elm post_custom_field usg_post_custom_field_1 type_text titoletto\"><span class=\"w-post-elm-value\">WINNER 2019<\/span><\/div><\/div><div class=\"w-post-elm post_image usg_post_image_1 has_width\"><a href=\"https:\/\/advanceddesign.galletti.com\/es\/archiproducts-design-awards\/\" aria-label=\"Archiproducts Design Awards\"><img loading=\"lazy\" decoding=\"async\" width=\"876\" height=\"416\" src=\"https:\/\/advanceddesign.galletti.com\/wp-content\/uploads\/2023\/06\/ARCHIPRODUCTS_DESIGN_AWARDS_cover.jpg\" class=\"attachment-full size-full wp-post-image\" alt=\"\" srcset=\"https:\/\/advanceddesign.galletti.com\/wp-content\/uploads\/2023\/06\/ARCHIPRODUCTS_DESIGN_AWARDS_cover.jpg 876w, https:\/\/advanceddesign.galletti.com\/wp-content\/uploads\/2023\/06\/ARCHIPRODUCTS_DESIGN_AWARDS_cover-300x142.jpg 300w\" sizes=\"auto, (max-width: 876px) 100vw, 876px\" \/><\/a><\/div><\/div>\t\t<\/div>\r\n\t<\/article>\r\n<\/div><div class=\"w-grid-preloader\"><div class=\"g-preloader type_1\">\r\n\t<div><\/div>\r\n<\/div>\r\n<\/div>\t<div class=\"w-grid-json hidden\" onclick='return {&quot;action&quot;:&quot;us_ajax_grid&quot;,&quot;ajax_url&quot;:&quot;https:\\\/\\\/advanceddesign.galletti.com\\\/wp-admin\\\/admin-ajax.php&quot;,&quot;infinite_scroll&quot;:0,&quot;max_num_pages&quot;:1,&quot;pagination&quot;:&quot;none&quot;,&quot;permalink_url&quot;:&quot;https:\\\/\\\/advanceddesign.galletti.com\\\/es\\\/wp-json\\\/wp\\\/v2\\\/pages\\\/2479\\\/&quot;,&quot;template_vars&quot;:{&quot;columns&quot;:&quot;1&quot;,&quot;exclude_items&quot;:&quot;none&quot;,&quot;img_size&quot;:&quot;default&quot;,&quot;ignore_items_size&quot;:0,&quot;items_layout&quot;:&quot;597&quot;,&quot;items_offset&quot;:&quot;1&quot;,&quot;load_animation&quot;:&quot;none&quot;,&quot;overriding_link&quot;:&quot;post&quot;,&quot;post_id&quot;:0,&quot;query_args&quot;:{&quot;post_type&quot;:[&quot;post&quot;],&quot;tax_query&quot;:[{&quot;taxonomy&quot;:&quot;category&quot;,&quot;field&quot;:&quot;slug&quot;,&quot;terms&quot;:[&quot;awards&quot;]}],&quot;post_status&quot;:[&quot;publish&quot;,&quot;acf-disabled&quot;],&quot;posts_per_page&quot;:&quot;999&quot;},&quot;orderby_query_args&quot;:{&quot;orderby&quot;:{&quot;date&quot;:&quot;DESC&quot;}},&quot;type&quot;:&quot;grid&quot;,&quot;us_grid_ajax_index&quot;:1,&quot;us_grid_filter_params&quot;:null,&quot;us_grid_index&quot;:1,&quot;_us_grid_post_type&quot;:&quot;post&quot;,&quot;page_args&quot;:[],&quot;lang&quot;:&quot;es&quot;}}'><\/div>\r\n\t<\/div><\/div><\/div><\/div><\/div><\/section>\n","protected":false},"excerpt":{"rendered":"WINNER 2019Archiproducts Design Awards ART-U se adjudic\u00f3 el primer reconocimiento importante en el prestigioso International International Archiproducts Design Award 2019. 60 miembros del jurado, entre arquitectos de fama mundial, periodistas y especialistas de marketing, nominaron a ART-U como mejor producto en la categor\u00eda Construction, seleccion\u00e1ndolo entre 700 productos y entre m\u00e1s de 400 marcas internacionales....","protected":false},"author":2,"featured_media":0,"parent":0,"menu_order":0,"comment_status":"closed","ping_status":"closed","template":"","meta":{"inline_featured_image":false,"footnotes":""},"class_list":["post-2479","page","type-page","status-publish","hentry"],"acf":[],"_links":{"self":[{"href":"https:\/\/advanceddesign.galletti.com\/es\/wp-json\/wp\/v2\/pages\/2479","targetHints":{"allow":["GET"]}}],"collection":[{"href":"https:\/\/advanceddesign.galletti.com\/es\/wp-json\/wp\/v2\/pages"}],"about":[{"href":"https:\/\/advanceddesign.galletti.com\/es\/wp-json\/wp\/v2\/types\/page"}],"author":[{"embeddable":true,"href":"https:\/\/advanceddesign.galletti.com\/es\/wp-json\/wp\/v2\/users\/2"}],"replies":[{"embeddable":true,"href":"https:\/\/advanceddesign.galletti.com\/es\/wp-json\/wp\/v2\/comments?post=2479"}],"version-history":[{"count":1,"href":"https:\/\/advanceddesign.galletti.com\/es\/wp-json\/wp\/v2\/pages\/2479\/revisions"}],"predecessor-version":[{"id":2480,"href":"https:\/\/advanceddesign.galletti.com\/es\/wp-json\/wp\/v2\/pages\/2479\/revisions\/2480"}],"wp:attachment":[{"href":"https:\/\/advanceddesign.galletti.com\/es\/wp-json\/wp\/v2\/media?parent=2479"}],"curies":[{"name":"wp","href":"https:\/\/api.w.org\/{rel}","templated":true}]}}