{"id":6342,"date":"2024-02-13T10:06:17","date_gmt":"2024-02-13T09:06:17","guid":{"rendered":"https:\/\/advanceddesign.galletti.com\/home-2024\/"},"modified":"2024-04-23T13:04:37","modified_gmt":"2024-04-23T11:04:37","slug":"home-2024","status":"publish","type":"page","link":"https:\/\/advanceddesign.galletti.com\/es\/","title":{"rendered":"Home (2024)"},"content":{"rendered":"<section class=\"l-section wpb_row hide_on_mobiles height_small width_custom\" style=\"--site-content-width:1700px;\" id=\"hero_home\"><div class=\"l-section-h i-cf\"><div class=\"g-cols vc_row via_grid cols_1 laptops-cols_inherit tablets-cols_inherit mobiles-cols_1 valign_top type_default stacking_default\"><div class=\"wpb_column vc_column_container\"><div class=\"vc_column-inner\"><div class=\"w-slider us_custom_8f2ba1f4 us_animate_this style_none fit_contain\"><div class=\"w-slider-h\"><div class=\"royalSlider\"><div class=\"rsContent\"><a class=\"rsImg\" data-rsw=\"1440\" data-rsh=\"801\" href=\"https:\/\/advanceddesign.galletti.com\/wp-content\/uploads\/2024\/04\/ES_slide_home.jpg\"><span data-alt=\"\"><\/span><\/a><\/div><div class=\"rsContent\"><a class=\"rsImg\" data-rsw=\"1440\" data-rsh=\"801\" href=\"https:\/\/advanceddesign.galletti.com\/wp-content\/uploads\/2024\/04\/slide_home_DESIGN.jpg\"><span data-alt=\"\"><\/span><\/a><\/div><div class=\"rsContent\"><a class=\"rsImg\" data-rsw=\"1440\" data-rsh=\"801\" href=\"https:\/\/advanceddesign.galletti.com\/wp-content\/uploads\/2024\/04\/slide_home_OPEN-INNOVATION2.jpg\"><span data-alt=\"\"><\/span><\/a><\/div><div class=\"rsContent\"><a class=\"rsImg\" data-rsw=\"1440\" data-rsh=\"801\" href=\"https:\/\/advanceddesign.galletti.com\/wp-content\/uploads\/2024\/04\/slide_home_TECH2.jpg\"><span data-alt=\"\"><\/span><\/a><\/div><\/div><img decoding=\"async\" src=\"https:\/\/advanceddesign.galletti.com\/wp-content\/uploads\/2024\/04\/ES_slide_home.jpg\" width=\"1440\" height=\"801\" alt loading=\"lazy\"><\/div><div class=\"w-slider-json\" onclick='return {&quot;autoScaleSlider&quot;:true,&quot;loop&quot;:true,&quot;fadeInLoadedSlide&quot;:false,&quot;slidesSpacing&quot;:0,&quot;imageScalePadding&quot;:0,&quot;numImagesToPreload&quot;:2,&quot;arrowsNav&quot;:true,&quot;arrowsNavAutoHide&quot;:false,&quot;transitionType&quot;:&quot;move&quot;,&quot;transitionSpeed&quot;:250,&quot;block&quot;:{&quot;moveEffect&quot;:&quot;none&quot;,&quot;speed&quot;:300},&quot;thumbs&quot;:{&quot;fitInViewport&quot;:false},&quot;controlNavigation&quot;:&quot;none&quot;,&quot;imageScaleMode&quot;:&quot;fit&quot;,&quot;autoScaleSliderWidth&quot;:1440,&quot;autoScaleSliderHeight&quot;:801}'><\/div><\/div><\/div><\/div><\/div><\/div><\/section><section class=\"l-section wpb_row us_custom_47fc8dc0 hide_on_default hide_on_laptops hide_on_tablets height_small width_custom\" style=\"--site-content-width:1700px;\" id=\"hero_home\"><div class=\"l-section-h i-cf\"><div class=\"g-cols vc_row via_grid cols_1 laptops-cols_inherit tablets-cols_inherit mobiles-cols_1 valign_top type_default stacking_default\"><div class=\"wpb_column vc_column_container\"><div class=\"vc_column-inner\"><div class=\"w-slider us_custom_8f2ba1f4 us_animate_this style_none fit_contain\"><div class=\"w-slider-h\"><div class=\"royalSlider\"><div class=\"rsContent\"><a class=\"rsImg\" data-rsw=\"1080\" data-rsh=\"1400\" href=\"https:\/\/advanceddesign.galletti.com\/wp-content\/uploads\/2024\/04\/ES_slide_home-mobile.jpg\"><span data-alt=\"\"><\/span><\/a><\/div><div class=\"rsContent\"><a class=\"rsImg\" data-rsw=\"1080\" data-rsh=\"1400\" href=\"https:\/\/advanceddesign.galletti.com\/wp-content\/uploads\/2024\/04\/slide_home-mobile_design2.jpg\"><span data-alt=\"\"><\/span><\/a><\/div><div class=\"rsContent\"><a class=\"rsImg\" data-rsw=\"1080\" data-rsh=\"1400\" href=\"https:\/\/advanceddesign.galletti.com\/wp-content\/uploads\/2024\/04\/slide_home-mobile_open.jpg\"><span data-alt=\"\"><\/span><\/a><\/div><div class=\"rsContent\"><a class=\"rsImg\" data-rsw=\"1080\" data-rsh=\"1400\" href=\"https:\/\/advanceddesign.galletti.com\/wp-content\/uploads\/2024\/04\/slide_home-mobile_tech2.jpg\"><span data-alt=\"\"><\/span><\/a><\/div><\/div><img decoding=\"async\" src=\"https:\/\/advanceddesign.galletti.com\/wp-content\/uploads\/2024\/04\/ES_slide_home-mobile.jpg\" width=\"1080\" height=\"1400\" alt loading=\"lazy\"><\/div><div class=\"w-slider-json\" onclick='return {&quot;autoScaleSlider&quot;:true,&quot;loop&quot;:true,&quot;fadeInLoadedSlide&quot;:false,&quot;slidesSpacing&quot;:0,&quot;imageScalePadding&quot;:0,&quot;numImagesToPreload&quot;:2,&quot;arrowsNav&quot;:true,&quot;arrowsNavAutoHide&quot;:false,&quot;transitionType&quot;:&quot;move&quot;,&quot;transitionSpeed&quot;:250,&quot;block&quot;:{&quot;moveEffect&quot;:&quot;none&quot;,&quot;speed&quot;:300},&quot;thumbs&quot;:{&quot;fitInViewport&quot;:false},&quot;controlNavigation&quot;:&quot;none&quot;,&quot;imageScaleMode&quot;:&quot;fit&quot;,&quot;autoScaleSliderWidth&quot;:1080,&quot;autoScaleSliderHeight&quot;:1400}'><\/div><\/div><\/div><\/div><\/div><\/div><\/section><section class=\"l-section wpb_row section_text height_huge\"><div class=\"l-section-h i-cf\"><div class=\"g-cols vc_row via_grid cols_1 laptops-cols_inherit tablets-cols_inherit mobiles-cols_1 valign_top type_default stacking_default\"><div class=\"wpb_column vc_column_container\"><div class=\"vc_column-inner\"><div class=\"g-cols wpb_row via_grid cols_7-5 laptops-cols_inherit tablets-cols_inherit mobiles-cols_1 valign_top type_default stacking_default\"><div class=\"wpb_column vc_column_container\"><div class=\"vc_column-inner\"><div class=\"wpb_text_column us_custom_4a593b65 us_animate_this\"><div class=\"wpb_wrapper\"><h2>Design Thinking y Open Innovation para soluciones de una nueva contemporaneidad.<\/h2>\n<\/div><\/div><\/div><\/div><div class=\"wpb_column vc_column_container\"><div class=\"vc_column-inner\"><div class=\"wpb_text_column us_custom_5374f916 us_animate_this\"><div class=\"wpb_wrapper\"><p>Tenemos un enfoque innovador porque pensamos en nuestras soluciones como el centro de un ecosistema, que parte de nuevos paradigmas de construcci\u00f3n de entornos y concluye en la comodidad de los seres humanos.<br \/>\nNos inspiramos en distintas disciplinas y sectores destinados a crear soluciones de vanguardia, que satisfagan las necesidades de las personas y la sostenibilidad. Este es el Design Thinking. Esto es lo que entendemos por Open Innovation.<\/p>\n<\/div><\/div><\/div><\/div><\/div><\/div><\/div><\/div><\/div><\/section><section class=\"l-section wpb_row section_slide height_medium width_custom\" style=\"--site-content-width:1250px;\"><div class=\"l-section-h i-cf\"><div class=\"g-cols vc_row via_grid cols_1 laptops-cols_inherit tablets-cols_inherit mobiles-cols_1 valign_top type_default stacking_default\"><div class=\"wpb_column vc_column_container\"><div class=\"vc_column-inner\"><div class=\"g-cols wpb_row via_grid cols_1 laptops-cols_inherit tablets-cols_inherit mobiles-cols_1 valign_top type_default stacking_default\"><div class=\"wpb_column vc_column_container\"><div class=\"vc_column-inner\"><div class=\"w-image align_left\"><div class=\"w-image-h\"><img loading=\"lazy\" decoding=\"async\" width=\"391\" height=\"247\" src=\"https:\/\/advanceddesign.galletti.com\/wp-content\/uploads\/2023\/06\/img_ad_01_home.jpg\" class=\"attachment-full size-full\" alt=\"\" srcset=\"https:\/\/advanceddesign.galletti.com\/wp-content\/uploads\/2023\/06\/img_ad_01_home.jpg 391w, https:\/\/advanceddesign.galletti.com\/wp-content\/uploads\/2023\/06\/img_ad_01_home-300x190.jpg 300w\" sizes=\"auto, (max-width: 391px) 100vw, 391px\" \/><\/div><\/div><div class=\"w-slider style_none fit_scaledown\"><div class=\"w-slider-h\"><div class=\"royalSlider\"><div class=\"rsContent\"><a class=\"rsImg\" data-rsw=\"1153\" data-rsh=\"650\" href=\"https:\/\/advanceddesign.galletti.com\/wp-content\/uploads\/2023\/06\/slide_ad_01_home.jpg\"><span data-alt=\"\"><\/span><\/a><\/div><div class=\"rsContent\"><a class=\"rsImg\" data-rsw=\"1153\" data-rsh=\"650\" href=\"https:\/\/advanceddesign.galletti.com\/wp-content\/uploads\/2023\/06\/slide_ad_02_home.jpg\"><span data-alt=\"\"><\/span><\/a><\/div><div class=\"rsContent\"><a class=\"rsImg\" data-rsw=\"1153\" data-rsh=\"650\" href=\"https:\/\/advanceddesign.galletti.com\/wp-content\/uploads\/2023\/06\/slide_ad_03_home.jpg\"><span data-alt=\"\"><\/span><\/a><\/div><\/div><img decoding=\"async\" src=\"https:\/\/advanceddesign.galletti.com\/wp-content\/uploads\/2023\/06\/slide_ad_01_home.jpg\" width=\"1153\" height=\"650\" alt loading=\"lazy\"><\/div><div class=\"w-slider-json\" onclick='return {&quot;autoScaleSlider&quot;:true,&quot;loop&quot;:true,&quot;fadeInLoadedSlide&quot;:false,&quot;slidesSpacing&quot;:0,&quot;imageScalePadding&quot;:0,&quot;numImagesToPreload&quot;:2,&quot;arrowsNav&quot;:false,&quot;arrowsNavAutoHide&quot;:false,&quot;transitionType&quot;:&quot;fade&quot;,&quot;transitionSpeed&quot;:800,&quot;block&quot;:{&quot;moveEffect&quot;:&quot;none&quot;,&quot;speed&quot;:300},&quot;thumbs&quot;:{&quot;fitInViewport&quot;:false},&quot;controlNavigation&quot;:&quot;none&quot;,&quot;autoplay&quot;:{&quot;enabled&quot;:true,&quot;pauseOnHover&quot;:false,&quot;delay&quot;:3000},&quot;imageScaleMode&quot;:&quot;fit-if-smaller&quot;,&quot;autoScaleSliderWidth&quot;:1153,&quot;autoScaleSliderHeight&quot;:650}'><\/div><\/div><\/div><\/div><\/div><div class=\"g-cols wpb_row via_grid cols_2 laptops-cols_inherit tablets-cols_inherit mobiles-cols_1 valign_top type_default stacking_default\"><div class=\"wpb_column vc_column_container\"><div class=\"vc_column-inner\"><div class=\"wpb_text_column\"><div class=\"wpb_wrapper\"><h1>Advanced<br \/>\nDesign<\/h1>\n<\/div><\/div><\/div><\/div><div class=\"wpb_column vc_column_container\"><div class=\"vc_column-inner\"><div class=\"w-image align_right\"><div class=\"w-image-h\"><img loading=\"lazy\" decoding=\"async\" width=\"327\" height=\"494\" src=\"https:\/\/advanceddesign.galletti.com\/wp-content\/uploads\/2024\/03\/chiller-homepage.jpg\" class=\"attachment-full size-full\" alt=\"\" srcset=\"https:\/\/advanceddesign.galletti.com\/wp-content\/uploads\/2024\/03\/chiller-homepage.jpg 327w, https:\/\/advanceddesign.galletti.com\/wp-content\/uploads\/2024\/03\/chiller-homepage-199x300.jpg 199w\" sizes=\"auto, (max-width: 327px) 100vw, 327px\" \/><\/div><\/div><\/div><\/div><\/div><\/div><\/div><\/div><\/div><\/section><section class=\"l-section wpb_row us_custom_f029a2ba section_text height_small\"><div class=\"l-section-h i-cf\"><div class=\"g-cols vc_row via_grid cols_1 laptops-cols_inherit tablets-cols_inherit mobiles-cols_1 valign_top type_default stacking_default\"><div class=\"wpb_column vc_column_container\"><div class=\"vc_column-inner\"><div class=\"g-cols wpb_row via_grid cols_5-7 laptops-cols_inherit tablets-cols_inherit mobiles-cols_1 valign_top type_default stacking_default\"><div class=\"wpb_column vc_column_container\"><div class=\"vc_column-inner\"><div class=\"wpb_text_column us_custom_5374f916 us_animate_this\"><div class=\"wpb_wrapper\"><p>Pensar en el futuro no significa solo buscar la \u00abbelleza de la forma\u00bb, sino encontrar la relaci\u00f3n \u00f3ptima entre tecnolog\u00eda y medio ambiente. Proporcionar la experiencia de climatizaci\u00f3n perfecta es nuestro objetivo y nuestro \u00e9xito. Esta es nuestra idea de una empresa y el camino que hemos decidido seguir con el proyecto Galletti Advanced Design y con nuestros productos.<br \/>\n\u00a1Si\u00e9ntase c\u00f3modo!<\/p>\n<\/div><\/div><\/div><\/div><div class=\"wpb_column vc_column_container\"><div class=\"vc_column-inner\"><div class=\"wpb_text_column us_custom_4a593b65 us_animate_this\"><div class=\"wpb_wrapper\"><h2>Trascender los l\u00edmites de la climatizaci\u00f3n de confort para desarrollar nuevos conceptos de eficiencia, dise\u00f1o, materiales y personalizaci\u00f3n.<\/h2>\n<\/div><\/div><\/div><\/div><\/div><\/div><\/div><\/div><\/div><\/section><section class=\"l-section wpb_row section_carousel carousel_1 height_small width_full\"><div class=\"l-section-h i-cf\"><div class=\"g-cols vc_row via_grid cols_1 laptops-cols_inherit tablets-cols_inherit mobiles-cols_1 valign_top type_default stacking_default\"><div class=\"wpb_column vc_column_container\"><div class=\"vc_column-inner\"><div class=\"g-cols wpb_row us_custom_8663b8e9 via_grid cols_1 laptops-cols_inherit tablets-cols_inherit mobiles-cols_1 valign_top type_default stacking_default\"><div class=\"wpb_column vc_column_container\"><div class=\"vc_column-inner\"><\/div><\/div><\/div><\/div><\/div><\/div><\/div><\/section><section class=\"l-section wpb_row section_carousel carousel_2 height_small width_full\"><div class=\"l-section-h i-cf\"><div class=\"g-cols vc_row via_grid cols_1 laptops-cols_inherit tablets-cols_inherit mobiles-cols_1 valign_top type_default stacking_default\"><div class=\"wpb_column vc_column_container\"><div class=\"vc_column-inner\"><div class=\"g-cols wpb_row us_custom_8663b8e9 via_grid cols_1 laptops-cols_inherit tablets-cols_inherit mobiles-cols_1 valign_top type_default stacking_default\"><div class=\"wpb_column vc_column_container\"><div class=\"vc_column-inner\"><\/div><\/div><\/div><\/div><\/div><\/div><\/div><\/section><section class=\"l-section wpb_row section_text section_text_2 height_huge\"><div class=\"l-section-h i-cf\"><div class=\"g-cols vc_row via_grid cols_1 laptops-cols_inherit tablets-cols_inherit mobiles-cols_1 valign_top type_default stacking_default\"><div class=\"wpb_column vc_column_container\"><div class=\"vc_column-inner\"><div class=\"g-cols wpb_row via_grid cols_7-5 laptops-cols_inherit tablets-cols_inherit mobiles-cols_1 valign_top type_default stacking_default\"><div class=\"wpb_column vc_column_container\"><div class=\"vc_column-inner\"><div class=\"wpb_text_column us_custom_4a593b65 us_animate_this\"><div class=\"wpb_wrapper\"><h2>Esta es nuestra lente para mirar al futuro.<\/h2>\n<\/div><\/div><\/div><\/div><div class=\"wpb_column vc_column_container has-link\"><div class=\"vc_column-inner\"><div class=\"wpb_text_column us_custom_5374f916 us_animate_this\"><div class=\"wpb_wrapper\"><p>Nos apasiona el tratamiento de los materiales desde principios del siglo XX y, despu\u00e9s de m\u00e1s de 100 a\u00f1os de historia, nos hemos convertido en uno de los l\u00edderes internacionales en la climatizaci\u00f3n de confort, con uno de los cat\u00e1logos m\u00e1s amplios y completos del sector. Buscamos un futuro en el que el confort se consiga respetando la sostenibilidad, aprovechando al m\u00e1ximo los recursos disponibles, dise\u00f1ando y fabricando productos cada vez m\u00e1s eficientes, reduciendo as\u00ed el impacto de estos productos y sistemas en su conjunto.<\/p>\n<p>Mejoramos continuamente nuestros productos, sin olvidar que el rendimiento \u00f3ptimo del sistema es siempre el resultado de la contribuci\u00f3n de todas las competencias que lo integran.<\/p>\n<p>Queremos redefinir los est\u00e1ndares del sector HVAC con ideas de vanguardia y soluciones concretas orientadas a la sostenibilidad para reducir nuestro impacto en el medio ambiente.<\/p>\n<p><strong>Esta es la esencia del Advanced Design di Galletti.<\/strong><\/p>\n<\/div><\/div><\/div><a title=\"Design Solution\" href=\"\/en\/design-solution\/\" class=\"vc_column-link smooth-scroll\"><\/a><\/div><\/div><\/div><\/div><\/div><\/div><\/section><section class=\"l-section wpb_row us_custom_52658dcb section_carousel carousel_3 height_huge width_full\"><div class=\"l-section-h i-cf\"><div class=\"g-cols vc_row via_grid cols_1 laptops-cols_inherit tablets-cols_inherit mobiles-cols_1 valign_top type_default stacking_default\"><div class=\"wpb_column vc_column_container\"><div class=\"vc_column-inner\"><div class=\"g-cols wpb_row us_custom_8663b8e9 via_grid cols_1 laptops-cols_inherit tablets-cols_inherit mobiles-cols_1 valign_top type_default stacking_default\"><div class=\"wpb_column vc_column_container\"><div class=\"vc_column-inner\"><\/div><\/div><\/div><\/div><\/div><\/div><\/div><\/section>\n","protected":false},"excerpt":{"rendered":"Design Thinking y Open Innovation para soluciones de una nueva contemporaneidad. Tenemos un enfoque innovador porque pensamos en nuestras soluciones como el centro de un ecosistema, que parte de nuevos paradigmas de construcci\u00f3n de entornos y concluye en la comodidad de los seres humanos. Nos inspiramos en distintas disciplinas y sectores destinados a crear soluciones...","protected":false},"author":2,"featured_media":0,"parent":0,"menu_order":0,"comment_status":"closed","ping_status":"closed","template":"","meta":{"inline_featured_image":false,"footnotes":""},"class_list":["post-6342","page","type-page","status-publish","hentry"],"acf":[],"_links":{"self":[{"href":"https:\/\/advanceddesign.galletti.com\/es\/wp-json\/wp\/v2\/pages\/6342","targetHints":{"allow":["GET"]}}],"collection":[{"href":"https:\/\/advanceddesign.galletti.com\/es\/wp-json\/wp\/v2\/pages"}],"about":[{"href":"https:\/\/advanceddesign.galletti.com\/es\/wp-json\/wp\/v2\/types\/page"}],"author":[{"embeddable":true,"href":"https:\/\/advanceddesign.galletti.com\/es\/wp-json\/wp\/v2\/users\/2"}],"replies":[{"embeddable":true,"href":"https:\/\/advanceddesign.galletti.com\/es\/wp-json\/wp\/v2\/comments?post=6342"}],"version-history":[{"count":6,"href":"https:\/\/advanceddesign.galletti.com\/es\/wp-json\/wp\/v2\/pages\/6342\/revisions"}],"predecessor-version":[{"id":6364,"href":"https:\/\/advanceddesign.galletti.com\/es\/wp-json\/wp\/v2\/pages\/6342\/revisions\/6364"}],"wp:attachment":[{"href":"https:\/\/advanceddesign.galletti.com\/es\/wp-json\/wp\/v2\/media?parent=6342"}],"curies":[{"name":"wp","href":"https:\/\/api.w.org\/{rel}","templated":true}]}}