{"id":6194,"date":"2024-02-13T10:06:17","date_gmt":"2024-02-13T09:06:17","guid":{"rendered":"https:\/\/advanceddesign.galletti.com\/home-2024\/"},"modified":"2024-04-23T10:36:49","modified_gmt":"2024-04-23T08:36:49","slug":"home-2024","status":"publish","type":"page","link":"https:\/\/advanceddesign.galletti.com\/fr\/","title":{"rendered":"Home (2024)"},"content":{"rendered":"<section class=\"l-section wpb_row hide_on_mobiles height_small width_custom\" style=\"--site-content-width:1700px;\" id=\"hero_home\"><div class=\"l-section-h i-cf\"><div class=\"g-cols vc_row via_grid cols_1 laptops-cols_inherit tablets-cols_inherit mobiles-cols_1 valign_top type_default stacking_default\"><div class=\"wpb_column vc_column_container\"><div class=\"vc_column-inner\"><div class=\"w-slider us_custom_8f2ba1f4 us_animate_this style_none fit_contain\"><div class=\"w-slider-h\"><div class=\"royalSlider\"><div class=\"rsContent\"><a class=\"rsImg\" data-rsw=\"1440\" data-rsh=\"801\" href=\"https:\/\/advanceddesign.galletti.com\/wp-content\/uploads\/2024\/04\/FR_slide_home.jpg\"><span data-alt=\"\"><\/span><\/a><\/div><div class=\"rsContent\"><a class=\"rsImg\" data-rsw=\"1440\" data-rsh=\"801\" href=\"https:\/\/advanceddesign.galletti.com\/wp-content\/uploads\/2024\/04\/slide_home_DESIGN.jpg\"><span data-alt=\"\"><\/span><\/a><\/div><div class=\"rsContent\"><a class=\"rsImg\" data-rsw=\"1440\" data-rsh=\"801\" href=\"https:\/\/advanceddesign.galletti.com\/wp-content\/uploads\/2024\/04\/slide_home_OPEN-INNOVATION2.jpg\"><span data-alt=\"\"><\/span><\/a><\/div><div class=\"rsContent\"><a class=\"rsImg\" data-rsw=\"1440\" data-rsh=\"801\" href=\"https:\/\/advanceddesign.galletti.com\/wp-content\/uploads\/2024\/04\/slide_home_TECH2.jpg\"><span data-alt=\"\"><\/span><\/a><\/div><\/div><img decoding=\"async\" src=\"https:\/\/advanceddesign.galletti.com\/wp-content\/uploads\/2024\/04\/FR_slide_home.jpg\" width=\"1440\" height=\"801\" alt loading=\"lazy\"><\/div><div class=\"w-slider-json\" onclick='return {&quot;autoScaleSlider&quot;:true,&quot;loop&quot;:true,&quot;fadeInLoadedSlide&quot;:false,&quot;slidesSpacing&quot;:0,&quot;imageScalePadding&quot;:0,&quot;numImagesToPreload&quot;:2,&quot;arrowsNav&quot;:true,&quot;arrowsNavAutoHide&quot;:false,&quot;transitionType&quot;:&quot;move&quot;,&quot;transitionSpeed&quot;:250,&quot;block&quot;:{&quot;moveEffect&quot;:&quot;none&quot;,&quot;speed&quot;:300},&quot;thumbs&quot;:{&quot;fitInViewport&quot;:false},&quot;controlNavigation&quot;:&quot;none&quot;,&quot;imageScaleMode&quot;:&quot;fit&quot;,&quot;autoScaleSliderWidth&quot;:1440,&quot;autoScaleSliderHeight&quot;:801}'><\/div><\/div><\/div><\/div><\/div><\/div><\/section><section class=\"l-section wpb_row us_custom_47fc8dc0 hide_on_default hide_on_laptops hide_on_tablets height_small width_custom\" style=\"--site-content-width:1700px;\" id=\"hero_home\"><div class=\"l-section-h i-cf\"><div class=\"g-cols vc_row via_grid cols_1 laptops-cols_inherit tablets-cols_inherit mobiles-cols_1 valign_top type_default stacking_default\"><div class=\"wpb_column vc_column_container\"><div class=\"vc_column-inner\"><div class=\"w-slider us_custom_8f2ba1f4 us_animate_this style_none fit_contain\"><div class=\"w-slider-h\"><div class=\"royalSlider\"><div class=\"rsContent\"><a class=\"rsImg\" data-rsw=\"1080\" data-rsh=\"1400\" href=\"https:\/\/advanceddesign.galletti.com\/wp-content\/uploads\/2024\/04\/FR_slide_home-mobile.jpg\"><span data-alt=\"\"><\/span><\/a><\/div><div class=\"rsContent\"><a class=\"rsImg\" data-rsw=\"1080\" data-rsh=\"1400\" href=\"https:\/\/advanceddesign.galletti.com\/wp-content\/uploads\/2024\/04\/slide_home-mobile_design2.jpg\"><span data-alt=\"\"><\/span><\/a><\/div><div class=\"rsContent\"><a class=\"rsImg\" data-rsw=\"1080\" data-rsh=\"1400\" href=\"https:\/\/advanceddesign.galletti.com\/wp-content\/uploads\/2024\/04\/slide_home-mobile_open.jpg\"><span data-alt=\"\"><\/span><\/a><\/div><div class=\"rsContent\"><a class=\"rsImg\" data-rsw=\"1080\" data-rsh=\"1400\" href=\"https:\/\/advanceddesign.galletti.com\/wp-content\/uploads\/2024\/04\/slide_home-mobile_tech2.jpg\"><span data-alt=\"\"><\/span><\/a><\/div><\/div><img decoding=\"async\" src=\"https:\/\/advanceddesign.galletti.com\/wp-content\/uploads\/2024\/04\/FR_slide_home-mobile.jpg\" width=\"1080\" height=\"1400\" alt loading=\"lazy\"><\/div><div class=\"w-slider-json\" onclick='return {&quot;autoScaleSlider&quot;:true,&quot;loop&quot;:true,&quot;fadeInLoadedSlide&quot;:false,&quot;slidesSpacing&quot;:0,&quot;imageScalePadding&quot;:0,&quot;numImagesToPreload&quot;:2,&quot;arrowsNav&quot;:true,&quot;arrowsNavAutoHide&quot;:false,&quot;transitionType&quot;:&quot;move&quot;,&quot;transitionSpeed&quot;:250,&quot;block&quot;:{&quot;moveEffect&quot;:&quot;none&quot;,&quot;speed&quot;:300},&quot;thumbs&quot;:{&quot;fitInViewport&quot;:false},&quot;controlNavigation&quot;:&quot;none&quot;,&quot;imageScaleMode&quot;:&quot;fit&quot;,&quot;autoScaleSliderWidth&quot;:1080,&quot;autoScaleSliderHeight&quot;:1400}'><\/div><\/div><\/div><\/div><\/div><\/div><\/section><section class=\"l-section wpb_row section_text height_huge\"><div class=\"l-section-h i-cf\"><div class=\"g-cols vc_row via_grid cols_1 laptops-cols_inherit tablets-cols_inherit mobiles-cols_1 valign_top type_default stacking_default\"><div class=\"wpb_column vc_column_container\"><div class=\"vc_column-inner\"><div class=\"g-cols wpb_row via_grid cols_7-5 laptops-cols_inherit tablets-cols_inherit mobiles-cols_1 valign_top type_default stacking_default\"><div class=\"wpb_column vc_column_container\"><div class=\"vc_column-inner\"><div class=\"wpb_text_column us_custom_4a593b65 us_animate_this\"><div class=\"wpb_wrapper\"><h2>Design Thinking et Open Innovation: les solutions d\u2019un nouvel \u00e2ge contemporain.<\/h2>\n<\/div><\/div><\/div><\/div><div class=\"wpb_column vc_column_container\"><div class=\"vc_column-inner\"><div class=\"wpb_text_column us_custom_5374f916 us_animate_this\"><div class=\"wpb_wrapper\"><p>Nous mettons en \u0153uvre une approche innovante parce que nous consid\u00e9rons nos solutions comme le centre d\u2019un \u00e9cosyst\u00e8me, \u00e0 partir de nouveaux paradigmes de r\u00e9alisation des espaces pour d\u00e9ployer le confort des hommes et des femmes.<br \/>\nNous nous inspirons de diff\u00e9rentes disciplines et de diff\u00e9rents secteurs pour cr\u00e9er des solutions d\u2019avant-garde qui r\u00e9pondent aux exigences des personnes et de la soutenabilit\u00e9. Voil\u00e0 ce qu\u2019il faut entendre par Design Thinking. Voil\u00e0 aussi ce que nous entendons par Open Innovation.<\/p>\n<\/div><\/div><\/div><\/div><\/div><\/div><\/div><\/div><\/div><\/section><section class=\"l-section wpb_row section_slide height_medium width_custom\" style=\"--site-content-width:1250px;\"><div class=\"l-section-h i-cf\"><div class=\"g-cols vc_row via_grid cols_1 laptops-cols_inherit tablets-cols_inherit mobiles-cols_1 valign_top type_default stacking_default\"><div class=\"wpb_column vc_column_container\"><div class=\"vc_column-inner\"><div class=\"g-cols wpb_row via_grid cols_1 laptops-cols_inherit tablets-cols_inherit mobiles-cols_1 valign_top type_default stacking_default\"><div class=\"wpb_column vc_column_container\"><div class=\"vc_column-inner\"><div class=\"w-image align_left\"><div class=\"w-image-h\"><img loading=\"lazy\" decoding=\"async\" width=\"391\" height=\"247\" src=\"https:\/\/advanceddesign.galletti.com\/wp-content\/uploads\/2023\/06\/img_ad_01_home.jpg\" class=\"attachment-full size-full\" alt=\"\" srcset=\"https:\/\/advanceddesign.galletti.com\/wp-content\/uploads\/2023\/06\/img_ad_01_home.jpg 391w, https:\/\/advanceddesign.galletti.com\/wp-content\/uploads\/2023\/06\/img_ad_01_home-300x190.jpg 300w\" sizes=\"auto, (max-width: 391px) 100vw, 391px\" \/><\/div><\/div><div class=\"w-slider style_none fit_scaledown\"><div class=\"w-slider-h\"><div class=\"royalSlider\"><div class=\"rsContent\"><a class=\"rsImg\" data-rsw=\"1153\" data-rsh=\"650\" href=\"https:\/\/advanceddesign.galletti.com\/wp-content\/uploads\/2023\/06\/slide_ad_01_home.jpg\"><span data-alt=\"\"><\/span><\/a><\/div><div class=\"rsContent\"><a class=\"rsImg\" data-rsw=\"1153\" data-rsh=\"650\" href=\"https:\/\/advanceddesign.galletti.com\/wp-content\/uploads\/2023\/06\/slide_ad_02_home.jpg\"><span data-alt=\"\"><\/span><\/a><\/div><div class=\"rsContent\"><a class=\"rsImg\" data-rsw=\"1153\" data-rsh=\"650\" href=\"https:\/\/advanceddesign.galletti.com\/wp-content\/uploads\/2023\/06\/slide_ad_03_home.jpg\"><span data-alt=\"\"><\/span><\/a><\/div><\/div><img decoding=\"async\" src=\"https:\/\/advanceddesign.galletti.com\/wp-content\/uploads\/2023\/06\/slide_ad_01_home.jpg\" width=\"1153\" height=\"650\" alt loading=\"lazy\"><\/div><div class=\"w-slider-json\" onclick='return {&quot;autoScaleSlider&quot;:true,&quot;loop&quot;:true,&quot;fadeInLoadedSlide&quot;:false,&quot;slidesSpacing&quot;:0,&quot;imageScalePadding&quot;:0,&quot;numImagesToPreload&quot;:2,&quot;arrowsNav&quot;:false,&quot;arrowsNavAutoHide&quot;:false,&quot;transitionType&quot;:&quot;fade&quot;,&quot;transitionSpeed&quot;:800,&quot;block&quot;:{&quot;moveEffect&quot;:&quot;none&quot;,&quot;speed&quot;:300},&quot;thumbs&quot;:{&quot;fitInViewport&quot;:false},&quot;controlNavigation&quot;:&quot;none&quot;,&quot;autoplay&quot;:{&quot;enabled&quot;:true,&quot;pauseOnHover&quot;:false,&quot;delay&quot;:3000},&quot;imageScaleMode&quot;:&quot;fit-if-smaller&quot;,&quot;autoScaleSliderWidth&quot;:1153,&quot;autoScaleSliderHeight&quot;:650}'><\/div><\/div><\/div><\/div><\/div><div class=\"g-cols wpb_row via_grid cols_2 laptops-cols_inherit tablets-cols_inherit mobiles-cols_1 valign_top type_default stacking_default\"><div class=\"wpb_column vc_column_container\"><div class=\"vc_column-inner\"><div class=\"wpb_text_column\"><div class=\"wpb_wrapper\"><h1>Advanced<br \/>\nDesign<\/h1>\n<\/div><\/div><\/div><\/div><div class=\"wpb_column vc_column_container\"><div class=\"vc_column-inner\"><div class=\"w-image align_right\"><div class=\"w-image-h\"><img loading=\"lazy\" decoding=\"async\" width=\"327\" height=\"494\" src=\"https:\/\/advanceddesign.galletti.com\/wp-content\/uploads\/2024\/03\/chiller-homepage.jpg\" class=\"attachment-full size-full\" alt=\"\" srcset=\"https:\/\/advanceddesign.galletti.com\/wp-content\/uploads\/2024\/03\/chiller-homepage.jpg 327w, https:\/\/advanceddesign.galletti.com\/wp-content\/uploads\/2024\/03\/chiller-homepage-199x300.jpg 199w\" sizes=\"auto, (max-width: 327px) 100vw, 327px\" \/><\/div><\/div><\/div><\/div><\/div><\/div><\/div><\/div><\/div><\/section><section class=\"l-section wpb_row us_custom_f029a2ba section_text height_small\"><div class=\"l-section-h i-cf\"><div class=\"g-cols vc_row via_grid cols_1 laptops-cols_inherit tablets-cols_inherit mobiles-cols_1 valign_top type_default stacking_default\"><div class=\"wpb_column vc_column_container\"><div class=\"vc_column-inner\"><div class=\"g-cols wpb_row via_grid cols_5-7 laptops-cols_inherit tablets-cols_inherit mobiles-cols_1 valign_top type_default stacking_default\"><div class=\"wpb_column vc_column_container\"><div class=\"vc_column-inner\"><div class=\"wpb_text_column us_custom_5374f916 us_animate_this\"><div class=\"wpb_wrapper\"><p>Penser au futur signifie rechercher la \u00ab belle forme \u00bb mais c\u2019est aussi savoir instaurer une relation optimale entre la technologie et l\u2019environnement.<br \/>\nNotre objectif et notre r\u00e9ussite sont d\u2019offrir une exp\u00e9rience en mati\u00e8re de contr\u00f4le du climat \u00e0 l\u2019enseigne de la perfection. L\u00e0 r\u00e9sident notre id\u00e9e du monde de l\u2019entreprise et la voie sur laquelle nous avons d\u00e9cid\u00e9 de nous engager avec le projet Galletti Advanced Design et avec nos produits.<br \/>\nInstallez-vous confortablement\u00a0!<\/p>\n<\/div><\/div><\/div><\/div><div class=\"wpb_column vc_column_container\"><div class=\"vc_column-inner\"><div class=\"wpb_text_column us_custom_4a593b65 us_animate_this\"><div class=\"wpb_wrapper\"><h2>Par-del\u00e0 les fronti\u00e8res de la climatisation confort pour d\u00e9velopper de nouveaux concepts d\u2019efficacit\u00e9, de design, de mat\u00e9riaux et de personnalisation.<\/h2>\n<\/div><\/div><\/div><\/div><\/div><\/div><\/div><\/div><\/div><\/section><section class=\"l-section wpb_row section_carousel carousel_1 height_small width_full\"><div class=\"l-section-h i-cf\"><div class=\"g-cols vc_row via_grid cols_1 laptops-cols_inherit tablets-cols_inherit mobiles-cols_1 valign_top type_default stacking_default\"><div class=\"wpb_column vc_column_container\"><div class=\"vc_column-inner\"><div class=\"g-cols wpb_row us_custom_8663b8e9 via_grid cols_1 laptops-cols_inherit tablets-cols_inherit mobiles-cols_1 valign_top type_default stacking_default\"><div class=\"wpb_column vc_column_container\"><div class=\"vc_column-inner\"><\/div><\/div><\/div><\/div><\/div><\/div><\/div><\/section><section class=\"l-section wpb_row section_carousel carousel_2 height_small width_full\"><div class=\"l-section-h i-cf\"><div class=\"g-cols vc_row via_grid cols_1 laptops-cols_inherit tablets-cols_inherit mobiles-cols_1 valign_top type_default stacking_default\"><div class=\"wpb_column vc_column_container\"><div class=\"vc_column-inner\"><div class=\"g-cols wpb_row us_custom_8663b8e9 via_grid cols_1 laptops-cols_inherit tablets-cols_inherit mobiles-cols_1 valign_top type_default stacking_default\"><div class=\"wpb_column vc_column_container\"><div class=\"vc_column-inner\"><\/div><\/div><\/div><\/div><\/div><\/div><\/div><\/section><section class=\"l-section wpb_row section_text section_text_2 height_huge\"><div class=\"l-section-h i-cf\"><div class=\"g-cols vc_row via_grid cols_1 laptops-cols_inherit tablets-cols_inherit mobiles-cols_1 valign_top type_default stacking_default\"><div class=\"wpb_column vc_column_container\"><div class=\"vc_column-inner\"><div class=\"g-cols wpb_row via_grid cols_7-5 laptops-cols_inherit tablets-cols_inherit mobiles-cols_1 valign_top type_default stacking_default\"><div class=\"wpb_column vc_column_container\"><div class=\"vc_column-inner\"><div class=\"wpb_text_column us_custom_4a593b65 us_animate_this\"><div class=\"wpb_wrapper\"><h2>C\u2019est dans cette optique que nous envisageons l\u2019avenir.<\/h2>\n<\/div><\/div><\/div><\/div><div class=\"wpb_column vc_column_container has-link\"><div class=\"vc_column-inner\"><div class=\"wpb_text_column us_custom_5374f916 us_animate_this\"><div class=\"wpb_wrapper\"><p>Nous sommes des passionn\u00e9s du travail des mat\u00e9riaux depuis le d\u00e9but du si\u00e8cle dernier et, \u00e0 pr\u00e9sent que notre histoire a plus de 100\u00a0ans, nous sommes devenus l\u2019un des principaux acteurs de la climatisation Confort au niveau international, avec l\u2019un des catalogues les plus importants et les plus complets du secteur. Nous sommes en qu\u00eate d\u2019un avenir o\u00f9 le confort est obtenu dans le respect de la soutenabilit\u00e9, en utilisant au mieux les ressources disponibles, en concevant et en r\u00e9alisant des produits toujours plus performants dans le but de minimiser l\u2019impact de ces m\u00eames produits et des syst\u00e8mes envisag\u00e9s dans leur globalit\u00e9.<\/p>\n<p>Nous am\u00e9liorons sans cesse nos produits, sans oublier que la performance optimale d\u2019un syst\u00e8me est toujours le r\u00e9sultat du concours de toutes les comp\u00e9tences mobilis\u00e9es.<\/p>\n<p>Nous voulons red\u00e9finir les standards du secteur HVAC par des id\u00e9es d\u2019avant-garde et des solutions concr\u00e8tes ax\u00e9es sur la soutenabilit\u00e9 pour r\u00e9duire notre impact sur l\u2019environnement.<br \/>\n<strong>Telle est l\u2019essence de l\u2019Advanced Design de Galletti.<\/strong><\/p>\n<\/div><\/div><\/div><a title=\"Design Solution\" href=\"\/en\/design-solution\/\" class=\"vc_column-link smooth-scroll\"><\/a><\/div><\/div><\/div><\/div><\/div><\/div><\/section><section class=\"l-section wpb_row us_custom_52658dcb section_carousel carousel_3 height_huge width_full\"><div class=\"l-section-h i-cf\"><div class=\"g-cols vc_row via_grid cols_1 laptops-cols_inherit tablets-cols_inherit mobiles-cols_1 valign_top type_default stacking_default\"><div class=\"wpb_column vc_column_container\"><div class=\"vc_column-inner\"><div class=\"g-cols wpb_row us_custom_8663b8e9 via_grid cols_1 laptops-cols_inherit tablets-cols_inherit mobiles-cols_1 valign_top type_default stacking_default\"><div class=\"wpb_column vc_column_container\"><div class=\"vc_column-inner\"><\/div><\/div><\/div><\/div><\/div><\/div><\/div><\/section>\n","protected":false},"excerpt":{"rendered":"Design Thinking et Open Innovation: les solutions d\u2019un nouvel \u00e2ge contemporain. Nous mettons en \u0153uvre une approche innovante parce que nous consid\u00e9rons nos solutions comme le centre d\u2019un \u00e9cosyst\u00e8me, \u00e0 partir de nouveaux paradigmes de r\u00e9alisation des espaces pour d\u00e9ployer le confort des hommes et des femmes. Nous nous inspirons de diff\u00e9rentes disciplines et de...","protected":false},"author":2,"featured_media":0,"parent":0,"menu_order":0,"comment_status":"closed","ping_status":"closed","template":"","meta":{"inline_featured_image":false,"footnotes":""},"class_list":["post-6194","page","type-page","status-publish","hentry"],"acf":[],"_links":{"self":[{"href":"https:\/\/advanceddesign.galletti.com\/fr\/wp-json\/wp\/v2\/pages\/6194","targetHints":{"allow":["GET"]}}],"collection":[{"href":"https:\/\/advanceddesign.galletti.com\/fr\/wp-json\/wp\/v2\/pages"}],"about":[{"href":"https:\/\/advanceddesign.galletti.com\/fr\/wp-json\/wp\/v2\/types\/page"}],"author":[{"embeddable":true,"href":"https:\/\/advanceddesign.galletti.com\/fr\/wp-json\/wp\/v2\/users\/2"}],"replies":[{"embeddable":true,"href":"https:\/\/advanceddesign.galletti.com\/fr\/wp-json\/wp\/v2\/comments?post=6194"}],"version-history":[{"count":7,"href":"https:\/\/advanceddesign.galletti.com\/fr\/wp-json\/wp\/v2\/pages\/6194\/revisions"}],"predecessor-version":[{"id":6323,"href":"https:\/\/advanceddesign.galletti.com\/fr\/wp-json\/wp\/v2\/pages\/6194\/revisions\/6323"}],"wp:attachment":[{"href":"https:\/\/advanceddesign.galletti.com\/fr\/wp-json\/wp\/v2\/media?parent=6194"}],"curies":[{"name":"wp","href":"https:\/\/api.w.org\/{rel}","templated":true}]}}