{"id":3291,"date":"2023-06-23T17:53:06","date_gmt":"2023-06-23T15:53:06","guid":{"rendered":"https:\/\/advanceddesign.galletti.com\/awards\/"},"modified":"2023-07-20T16:46:10","modified_gmt":"2023-07-20T14:46:10","slug":"awards","status":"publish","type":"page","link":"https:\/\/advanceddesign.galletti.com\/hu\/awards\/","title":{"rendered":"D\u00cdJAK"},"content":{"rendered":"<section class=\"l-section wpb_row mask_title height_medium\" id=\"mask_awards\"><div class=\"l-section-h i-cf\"><div class=\"g-cols vc_row via_grid cols_1 laptops-cols_inherit tablets-cols_inherit mobiles-cols_1 valign_top type_default stacking_default\"><div class=\"wpb_column vc_column_container\"><div class=\"vc_column-inner\"><div class=\"w-image hide align_left\"><div class=\"w-image-h\"><img loading=\"lazy\" decoding=\"async\" width=\"387\" height=\"84\" src=\"https:\/\/advanceddesign.galletti.com\/wp-content\/uploads\/2023\/06\/AWARDS_title.png\" class=\"attachment-full size-full\" alt=\"\" srcset=\"https:\/\/advanceddesign.galletti.com\/wp-content\/uploads\/2023\/06\/AWARDS_title.png 387w, https:\/\/advanceddesign.galletti.com\/wp-content\/uploads\/2023\/06\/AWARDS_title-300x65.png 300w\" sizes=\"auto, (max-width: 387px) 100vw, 387px\" \/><\/div><\/div><div class=\"wpb_text_column\"><div class=\"wpb_wrapper\"><h1>D\u00cdJAK<\/h1>\n<\/div><\/div><\/div><\/div><\/div><\/div><\/section><section class=\"l-section wpb_row grid_awards height_medium\"><div class=\"l-section-h i-cf\"><div class=\"g-cols vc_row via_grid cols_1 laptops-cols_inherit tablets-cols_inherit mobiles-cols_1 valign_top type_default stacking_default\"><div class=\"wpb_column vc_column_container\"><div class=\"vc_column-inner\"><div class=\"w-grid type_grid layout_597\" id=\"us_grid_1\" style=\"--gap:0px;\" data-filterable=\"true\"><style>.layout_597 .w-grid-item-h{}.layout_597 .usg_post_image_1{width:75%!important}.layout_597 .usg_post_title_1{font-size:24px!important;line-height:32px!important;font-weight:400!important;text-transform:uppercase!important}.layout_597 .usg_vwrapper_1{width:25%!important;padding:30px!important}@media (min-width:1025px) and (max-width:1380px){.layout_597 .usg_post_image_1{width:70%!important}.layout_597 .usg_vwrapper_1{width:30%!important;padding-top:1rem!important;padding-right:5%!important}}@media (min-width:768px) and (max-width:1024px){.layout_597 .usg_post_image_1{width:100%!important}.layout_597 .usg_vwrapper_1{width:100%!important;padding-top:1rem!important;padding-right:0!important}}@media (max-width:767px){.layout_597 .usg_post_image_1{width:100%!important}.layout_597 .usg_vwrapper_1{width:100%!important;padding-top:1rem!important;padding-right:0!important}}<\/style><div class=\"w-grid-list\">\t<article class=\"w-grid-item post-2808 post type-post status-publish format-standard has-post-thumbnail hentry category-awards\" data-id=\"2808\">\r\n\t\t<div class=\"w-grid-item-h\">\r\n\t\t\t\t\t\t\t<a class=\"w-grid-item-anchor\" href=\"https:\/\/advanceddesign.galletti.com\/hu\/az-art-u-nak-itelik-a-good-design-dijat\/\" rel=\"bookmark\" aria-label=\"AZ ART-U-NAK \u00cdT\u00c9LIK A GOOD DESIGN D\u00cdJAT\"><\/a>\r\n\t\t\t\t\t\t<div class=\"w-hwrapper usg_hwrapper_1 align_none valign_bottom wrap\" style=\"--hwrapper-gap:0rem\"><div class=\"w-vwrapper usg_vwrapper_1 align_none valign_top\"><h2 class=\"w-post-elm post_title usg_post_title_1 entry-title color_link_inherit\"><a href=\"https:\/\/advanceddesign.galletti.com\/hu\/az-art-u-nak-itelik-a-good-design-dijat\/\">AZ ART-U-NAK \u00cdT\u00c9LIK A GOOD DESIGN D\u00cdJAT<\/a><\/h2><div class=\"w-post-elm post_custom_field usg_post_custom_field_1 type_text titoletto\"><span class=\"w-post-elm-value\">A 2021-ES \u00c9V GY\u0150ZTESE<\/span><\/div><\/div><div class=\"w-post-elm post_image usg_post_image_1 has_width\"><a href=\"https:\/\/advanceddesign.galletti.com\/hu\/az-art-u-nak-itelik-a-good-design-dijat\/\" aria-label=\"AZ ART-U-NAK \u00cdT\u00c9LIK A GOOD DESIGN D\u00cdJAT\"><img loading=\"lazy\" decoding=\"async\" width=\"876\" height=\"416\" src=\"https:\/\/advanceddesign.galletti.com\/wp-content\/uploads\/2023\/06\/Group-37-3.jpg\" class=\"attachment-full size-full wp-post-image\" alt=\"\" srcset=\"https:\/\/advanceddesign.galletti.com\/wp-content\/uploads\/2023\/06\/Group-37-3.jpg 876w, https:\/\/advanceddesign.galletti.com\/wp-content\/uploads\/2023\/06\/Group-37-3-300x142.jpg 300w\" sizes=\"auto, (max-width: 876px) 100vw, 876px\" \/><\/a><\/div><\/div>\t\t<\/div>\r\n\t<\/article>\r\n\t<article class=\"w-grid-item post-2810 post type-post status-publish format-standard has-post-thumbnail hentry category-awards\" data-id=\"2810\">\r\n\t\t<div class=\"w-grid-item-h\">\r\n\t\t\t\t\t\t\t<a class=\"w-grid-item-anchor\" href=\"https:\/\/advanceddesign.galletti.com\/hu\/az-art-u-a-compasso-doro-dij-nevezettjei-kozott\/\" rel=\"bookmark\" aria-label=\"AZ ART-U A COMPASSO D&#8217;ORO D\u00cdJ NEVEZETTJEI K\u00d6Z\u00d6TT\"><\/a>\r\n\t\t\t\t\t\t<div class=\"w-hwrapper usg_hwrapper_1 align_none valign_bottom wrap\" style=\"--hwrapper-gap:0rem\"><div class=\"w-vwrapper usg_vwrapper_1 align_none valign_top\"><h2 class=\"w-post-elm post_title usg_post_title_1 entry-title color_link_inherit\"><a href=\"https:\/\/advanceddesign.galletti.com\/hu\/az-art-u-a-compasso-doro-dij-nevezettjei-kozott\/\">AZ ART-U A COMPASSO D&#8217;ORO D\u00cdJ NEVEZETTJEI K\u00d6Z\u00d6TT<\/a><\/h2><div class=\"w-post-elm post_custom_field usg_post_custom_field_1 type_text titoletto\"><span class=\"w-post-elm-value\">AZ ART-U D\u00cdJAI<\/span><\/div><\/div><div class=\"w-post-elm post_image usg_post_image_1 has_width\"><a href=\"https:\/\/advanceddesign.galletti.com\/hu\/az-art-u-a-compasso-doro-dij-nevezettjei-kozott\/\" aria-label=\"AZ ART-U A COMPASSO D&#8217;ORO D\u00cdJ NEVEZETTJEI K\u00d6Z\u00d6TT\"><img loading=\"lazy\" decoding=\"async\" width=\"876\" height=\"416\" src=\"https:\/\/advanceddesign.galletti.com\/wp-content\/uploads\/2023\/06\/Group-37-2.jpg\" class=\"attachment-full size-full wp-post-image\" alt=\"\" srcset=\"https:\/\/advanceddesign.galletti.com\/wp-content\/uploads\/2023\/06\/Group-37-2.jpg 876w, https:\/\/advanceddesign.galletti.com\/wp-content\/uploads\/2023\/06\/Group-37-2-300x142.jpg 300w\" sizes=\"auto, (max-width: 876px) 100vw, 876px\" \/><\/a><\/div><\/div>\t\t<\/div>\r\n\t<\/article>\r\n\t<article class=\"w-grid-item post-2813 post type-post status-publish format-standard has-post-thumbnail hentry category-awards\" data-id=\"2813\">\r\n\t\t<div class=\"w-grid-item-h\">\r\n\t\t\t\t\t\t\t<a class=\"w-grid-item-anchor\" href=\"https:\/\/advanceddesign.galletti.com\/hu\/rchitecture-masterprize-dij\/\" rel=\"bookmark\" aria-label=\"RCHITECTURE MASTERPRIZE D\u00cdJ\"><\/a>\r\n\t\t\t\t\t\t<div class=\"w-hwrapper usg_hwrapper_1 align_none valign_bottom wrap\" style=\"--hwrapper-gap:0rem\"><div class=\"w-vwrapper usg_vwrapper_1 align_none valign_top\"><h2 class=\"w-post-elm post_title usg_post_title_1 entry-title color_link_inherit\"><a href=\"https:\/\/advanceddesign.galletti.com\/hu\/rchitecture-masterprize-dij\/\">RCHITECTURE MASTERPRIZE D\u00cdJ<\/a><\/h2><div class=\"w-post-elm post_custom_field usg_post_custom_field_1 type_text titoletto\"><span class=\"w-post-elm-value\">A 2020-A \u00c9V NYERTESE<\/span><\/div><\/div><div class=\"w-post-elm post_image usg_post_image_1 has_width\"><a href=\"https:\/\/advanceddesign.galletti.com\/hu\/rchitecture-masterprize-dij\/\" aria-label=\"RCHITECTURE MASTERPRIZE D\u00cdJ\"><img loading=\"lazy\" decoding=\"async\" width=\"876\" height=\"416\" src=\"https:\/\/advanceddesign.galletti.com\/wp-content\/uploads\/2023\/06\/Group-37-1.jpg\" class=\"attachment-full size-full wp-post-image\" alt=\"\" srcset=\"https:\/\/advanceddesign.galletti.com\/wp-content\/uploads\/2023\/06\/Group-37-1.jpg 876w, https:\/\/advanceddesign.galletti.com\/wp-content\/uploads\/2023\/06\/Group-37-1-300x142.jpg 300w\" sizes=\"auto, (max-width: 876px) 100vw, 876px\" \/><\/a><\/div><\/div>\t\t<\/div>\r\n\t<\/article>\r\n\t<article class=\"w-grid-item post-2817 post type-post status-publish format-standard has-post-thumbnail hentry category-awards\" data-id=\"2817\">\r\n\t\t<div class=\"w-grid-item-h\">\r\n\t\t\t\t\t\t\t<a class=\"w-grid-item-anchor\" href=\"https:\/\/advanceddesign.galletti.com\/hu\/bigsee-dij\/\" rel=\"bookmark\" aria-label=\"BIGSEE D\u00cdJ\"><\/a>\r\n\t\t\t\t\t\t<div class=\"w-hwrapper usg_hwrapper_1 align_none valign_bottom wrap\" style=\"--hwrapper-gap:0rem\"><div class=\"w-vwrapper usg_vwrapper_1 align_none valign_top\"><h2 class=\"w-post-elm post_title usg_post_title_1 entry-title color_link_inherit\"><a href=\"https:\/\/advanceddesign.galletti.com\/hu\/bigsee-dij\/\">BIGSEE D\u00cdJ<\/a><\/h2><div class=\"w-post-elm post_custom_field usg_post_custom_field_1 type_text titoletto\"><span class=\"w-post-elm-value\">A 2020-AS \u00c9V NYERTESE<\/span><\/div><\/div><div class=\"w-post-elm post_image usg_post_image_1 has_width\"><a href=\"https:\/\/advanceddesign.galletti.com\/hu\/bigsee-dij\/\" aria-label=\"BIGSEE D\u00cdJ\"><img loading=\"lazy\" decoding=\"async\" width=\"876\" height=\"416\" src=\"https:\/\/advanceddesign.galletti.com\/wp-content\/uploads\/2023\/06\/Group-37.jpg\" class=\"attachment-full size-full wp-post-image\" alt=\"\" srcset=\"https:\/\/advanceddesign.galletti.com\/wp-content\/uploads\/2023\/06\/Group-37.jpg 876w, https:\/\/advanceddesign.galletti.com\/wp-content\/uploads\/2023\/06\/Group-37-300x142.jpg 300w\" sizes=\"auto, (max-width: 876px) 100vw, 876px\" \/><\/a><\/div><\/div>\t\t<\/div>\r\n\t<\/article>\r\n\t<article class=\"w-grid-item post-2820 post type-post status-publish format-standard has-post-thumbnail hentry category-awards\" data-id=\"2820\">\r\n\t\t<div class=\"w-grid-item-h\">\r\n\t\t\t\t\t\t\t<a class=\"w-grid-item-anchor\" href=\"https:\/\/advanceddesign.galletti.com\/hu\/red-dot-design-dij\/\" rel=\"bookmark\" aria-label=\"RED DOT DESIGN D\u00cdJ\"><\/a>\r\n\t\t\t\t\t\t<div class=\"w-hwrapper usg_hwrapper_1 align_none valign_bottom wrap\" style=\"--hwrapper-gap:0rem\"><div class=\"w-vwrapper usg_vwrapper_1 align_none valign_top\"><h2 class=\"w-post-elm post_title usg_post_title_1 entry-title color_link_inherit\"><a href=\"https:\/\/advanceddesign.galletti.com\/hu\/red-dot-design-dij\/\">RED DOT DESIGN D\u00cdJ<\/a><\/h2><div class=\"w-post-elm post_custom_field usg_post_custom_field_1 type_text titoletto\"><span class=\"w-post-elm-value\">A 2020-AS \u00c9V NYERTESE<\/span><\/div><\/div><div class=\"w-post-elm post_image usg_post_image_1 has_width\"><a href=\"https:\/\/advanceddesign.galletti.com\/hu\/red-dot-design-dij\/\" aria-label=\"RED DOT DESIGN D\u00cdJ\"><img loading=\"lazy\" decoding=\"async\" width=\"876\" height=\"416\" src=\"https:\/\/advanceddesign.galletti.com\/wp-content\/uploads\/2023\/06\/Red-Dot-Design-Award.jpg\" class=\"attachment-full size-full wp-post-image\" alt=\"\" srcset=\"https:\/\/advanceddesign.galletti.com\/wp-content\/uploads\/2023\/06\/Red-Dot-Design-Award.jpg 876w, https:\/\/advanceddesign.galletti.com\/wp-content\/uploads\/2023\/06\/Red-Dot-Design-Award-300x142.jpg 300w\" sizes=\"auto, (max-width: 876px) 100vw, 876px\" \/><\/a><\/div><\/div>\t\t<\/div>\r\n\t<\/article>\r\n\t<article class=\"w-grid-item post-2822 post type-post status-publish format-standard has-post-thumbnail hentry category-awards\" data-id=\"2822\">\r\n\t\t<div class=\"w-grid-item-h\">\r\n\t\t\t\t\t\t\t<a class=\"w-grid-item-anchor\" href=\"https:\/\/advanceddesign.galletti.com\/hu\/archiproducts-design-dij\/\" rel=\"bookmark\" aria-label=\"ARCHIPRODUCTS DESIGN D\u00cdJ\"><\/a>\r\n\t\t\t\t\t\t<div class=\"w-hwrapper usg_hwrapper_1 align_none valign_bottom wrap\" style=\"--hwrapper-gap:0rem\"><div class=\"w-vwrapper usg_vwrapper_1 align_none valign_top\"><h2 class=\"w-post-elm post_title usg_post_title_1 entry-title color_link_inherit\"><a href=\"https:\/\/advanceddesign.galletti.com\/hu\/archiproducts-design-dij\/\">ARCHIPRODUCTS DESIGN D\u00cdJ<\/a><\/h2><div class=\"w-post-elm post_custom_field usg_post_custom_field_1 type_text titoletto\"><span class=\"w-post-elm-value\">A 2019-AS \u00c9V NYERTESE<\/span><\/div><\/div><div class=\"w-post-elm post_image usg_post_image_1 has_width\"><a href=\"https:\/\/advanceddesign.galletti.com\/hu\/archiproducts-design-dij\/\" aria-label=\"ARCHIPRODUCTS DESIGN D\u00cdJ\"><img loading=\"lazy\" decoding=\"async\" width=\"876\" height=\"416\" src=\"https:\/\/advanceddesign.galletti.com\/wp-content\/uploads\/2023\/06\/ARCHIPRODUCTS_DESIGN_AWARDS_cover.jpg\" class=\"attachment-full size-full wp-post-image\" alt=\"\" srcset=\"https:\/\/advanceddesign.galletti.com\/wp-content\/uploads\/2023\/06\/ARCHIPRODUCTS_DESIGN_AWARDS_cover.jpg 876w, https:\/\/advanceddesign.galletti.com\/wp-content\/uploads\/2023\/06\/ARCHIPRODUCTS_DESIGN_AWARDS_cover-300x142.jpg 300w\" sizes=\"auto, (max-width: 876px) 100vw, 876px\" \/><\/a><\/div><\/div>\t\t<\/div>\r\n\t<\/article>\r\n<\/div><div class=\"w-grid-preloader\"><div class=\"g-preloader type_1\">\r\n\t<div><\/div>\r\n<\/div>\r\n<\/div>\t<div class=\"w-grid-json hidden\" onclick='return {&quot;action&quot;:&quot;us_ajax_grid&quot;,&quot;ajax_url&quot;:&quot;https:\\\/\\\/advanceddesign.galletti.com\\\/wp-admin\\\/admin-ajax.php&quot;,&quot;infinite_scroll&quot;:0,&quot;max_num_pages&quot;:1,&quot;pagination&quot;:&quot;none&quot;,&quot;permalink_url&quot;:&quot;https:\\\/\\\/advanceddesign.galletti.com\\\/hu\\\/wp-json\\\/wp\\\/v2\\\/pages\\\/3291\\\/&quot;,&quot;template_vars&quot;:{&quot;columns&quot;:&quot;1&quot;,&quot;exclude_items&quot;:&quot;none&quot;,&quot;img_size&quot;:&quot;default&quot;,&quot;ignore_items_size&quot;:0,&quot;items_layout&quot;:&quot;597&quot;,&quot;items_offset&quot;:&quot;1&quot;,&quot;load_animation&quot;:&quot;none&quot;,&quot;overriding_link&quot;:&quot;post&quot;,&quot;post_id&quot;:0,&quot;query_args&quot;:{&quot;post_type&quot;:[&quot;post&quot;],&quot;tax_query&quot;:[{&quot;taxonomy&quot;:&quot;category&quot;,&quot;field&quot;:&quot;slug&quot;,&quot;terms&quot;:[&quot;awards&quot;]}],&quot;post_status&quot;:[&quot;publish&quot;,&quot;acf-disabled&quot;],&quot;posts_per_page&quot;:&quot;999&quot;},&quot;orderby_query_args&quot;:{&quot;orderby&quot;:{&quot;date&quot;:&quot;DESC&quot;}},&quot;type&quot;:&quot;grid&quot;,&quot;us_grid_ajax_index&quot;:1,&quot;us_grid_filter_params&quot;:null,&quot;us_grid_index&quot;:1,&quot;_us_grid_post_type&quot;:&quot;post&quot;,&quot;page_args&quot;:[],&quot;lang&quot;:&quot;hu&quot;}}'><\/div>\r\n\t<\/div><\/div><\/div><\/div><\/div><\/section>\n","protected":false},"excerpt":{"rendered":"A 2019-AS \u00c9V NYERTESEARCHIPRODUCTS DESIGN D\u00cdJ Az ART-U megkapta az els\u0151 fontos elismer\u00e9s\u00e9t a rangos, 2019-es Nemzetk\u00f6zi Archiproducts Design D\u00edjon. A zs\u0171ri 60 tagja, k\u00f6zt\u00fck vil\u00e1gh\u00edr\u0171 \u00e9p\u00edt\u00e9szek, \u00fajs\u00e1g\u00edr\u00f3k \u00e9s marketingszak\u00e9rt\u0151k 700 term\u00e9k \u00e9s t\u00f6bb mint 400 vil\u00e1gh\u00edr\u0171 m\u00e1rka k\u00f6z\u00fcl kiv\u00e1lasztva \u00edt\u00e9lt\u00e9k az ART-U-t az \u00c9p\u00edt\u00e9szet kateg\u00f3ria legjobb term\u00e9k\u00e9nek. Az ART-U a teljes\u00edtm\u00e9ny \u00e9s a minimalista...","protected":false},"author":2,"featured_media":0,"parent":0,"menu_order":0,"comment_status":"closed","ping_status":"closed","template":"","meta":{"inline_featured_image":false,"footnotes":""},"class_list":["post-3291","page","type-page","status-publish","hentry"],"acf":[],"_links":{"self":[{"href":"https:\/\/advanceddesign.galletti.com\/hu\/wp-json\/wp\/v2\/pages\/3291","targetHints":{"allow":["GET"]}}],"collection":[{"href":"https:\/\/advanceddesign.galletti.com\/hu\/wp-json\/wp\/v2\/pages"}],"about":[{"href":"https:\/\/advanceddesign.galletti.com\/hu\/wp-json\/wp\/v2\/types\/page"}],"author":[{"embeddable":true,"href":"https:\/\/advanceddesign.galletti.com\/hu\/wp-json\/wp\/v2\/users\/2"}],"replies":[{"embeddable":true,"href":"https:\/\/advanceddesign.galletti.com\/hu\/wp-json\/wp\/v2\/comments?post=3291"}],"version-history":[{"count":1,"href":"https:\/\/advanceddesign.galletti.com\/hu\/wp-json\/wp\/v2\/pages\/3291\/revisions"}],"predecessor-version":[{"id":3292,"href":"https:\/\/advanceddesign.galletti.com\/hu\/wp-json\/wp\/v2\/pages\/3291\/revisions\/3292"}],"wp:attachment":[{"href":"https:\/\/advanceddesign.galletti.com\/hu\/wp-json\/wp\/v2\/media?parent=3291"}],"curies":[{"name":"wp","href":"https:\/\/api.w.org\/{rel}","templated":true}]}}