{"id":6518,"date":"2024-02-13T10:06:17","date_gmt":"2024-02-13T09:06:17","guid":{"rendered":"https:\/\/advanceddesign.galletti.com\/home-2024\/"},"modified":"2024-04-29T15:53:56","modified_gmt":"2024-04-29T13:53:56","slug":"home-2024","status":"publish","type":"page","link":"https:\/\/advanceddesign.galletti.com\/hu\/","title":{"rendered":"Home (2024)"},"content":{"rendered":"<section class=\"l-section wpb_row hide_on_mobiles height_small width_custom\" style=\"--site-content-width:1700px;\" id=\"hero_home\"><div class=\"l-section-h i-cf\"><div class=\"g-cols vc_row via_grid cols_1 laptops-cols_inherit tablets-cols_inherit mobiles-cols_1 valign_top type_default stacking_default\"><div class=\"wpb_column vc_column_container\"><div class=\"vc_column-inner\"><div class=\"w-slider us_custom_8f2ba1f4 us_animate_this style_none fit_contain\"><div class=\"w-slider-h\"><div class=\"royalSlider\"><div class=\"rsContent\"><a class=\"rsImg\" data-rsw=\"1440\" data-rsh=\"801\" href=\"https:\/\/advanceddesign.galletti.com\/wp-content\/uploads\/2024\/04\/HU_slide_home.jpg\"><span data-alt=\"\"><\/span><\/a><\/div><div class=\"rsContent\"><a class=\"rsImg\" data-rsw=\"1440\" data-rsh=\"801\" href=\"https:\/\/advanceddesign.galletti.com\/wp-content\/uploads\/2024\/04\/slide_home_DESIGN.jpg\"><span data-alt=\"\"><\/span><\/a><\/div><div class=\"rsContent\"><a class=\"rsImg\" data-rsw=\"1440\" data-rsh=\"801\" href=\"https:\/\/advanceddesign.galletti.com\/wp-content\/uploads\/2024\/04\/slide_home_OPEN-INNOVATION2.jpg\"><span data-alt=\"\"><\/span><\/a><\/div><div class=\"rsContent\"><a class=\"rsImg\" data-rsw=\"1440\" data-rsh=\"801\" href=\"https:\/\/advanceddesign.galletti.com\/wp-content\/uploads\/2024\/04\/slide_home_TECH2.jpg\"><span data-alt=\"\"><\/span><\/a><\/div><\/div><img decoding=\"async\" src=\"https:\/\/advanceddesign.galletti.com\/wp-content\/uploads\/2024\/04\/HU_slide_home.jpg\" width=\"1440\" height=\"801\" alt loading=\"lazy\"><\/div><div class=\"w-slider-json\" onclick='return {&quot;autoScaleSlider&quot;:true,&quot;loop&quot;:true,&quot;fadeInLoadedSlide&quot;:false,&quot;slidesSpacing&quot;:0,&quot;imageScalePadding&quot;:0,&quot;numImagesToPreload&quot;:2,&quot;arrowsNav&quot;:true,&quot;arrowsNavAutoHide&quot;:false,&quot;transitionType&quot;:&quot;move&quot;,&quot;transitionSpeed&quot;:250,&quot;block&quot;:{&quot;moveEffect&quot;:&quot;none&quot;,&quot;speed&quot;:300},&quot;thumbs&quot;:{&quot;fitInViewport&quot;:false},&quot;controlNavigation&quot;:&quot;none&quot;,&quot;imageScaleMode&quot;:&quot;fit&quot;,&quot;autoScaleSliderWidth&quot;:1440,&quot;autoScaleSliderHeight&quot;:801}'><\/div><\/div><\/div><\/div><\/div><\/div><\/section><section class=\"l-section wpb_row us_custom_8a765442 hide_on_default hide_on_laptops hide_on_tablets height_small width_custom\" style=\"--site-content-width:1700px;\" id=\"hero_home\"><div class=\"l-section-h i-cf\"><div class=\"g-cols vc_row via_grid cols_1 laptops-cols_inherit tablets-cols_inherit mobiles-cols_1 valign_top type_default stacking_default\"><div class=\"wpb_column vc_column_container\"><div class=\"vc_column-inner\"><div class=\"w-slider us_custom_8f2ba1f4 us_animate_this style_none fit_contain\"><div class=\"w-slider-h\"><div class=\"royalSlider\"><div class=\"rsContent\"><a class=\"rsImg\" data-rsw=\"1080\" data-rsh=\"1400\" href=\"https:\/\/advanceddesign.galletti.com\/wp-content\/uploads\/2024\/04\/HU_slide_home-mobile.jpg\"><span data-alt=\"\"><\/span><\/a><\/div><div class=\"rsContent\"><a class=\"rsImg\" data-rsw=\"1080\" data-rsh=\"1400\" href=\"https:\/\/advanceddesign.galletti.com\/wp-content\/uploads\/2024\/04\/slide_home-mobile_design2.jpg\"><span data-alt=\"\"><\/span><\/a><\/div><div class=\"rsContent\"><a class=\"rsImg\" data-rsw=\"1080\" data-rsh=\"1400\" href=\"https:\/\/advanceddesign.galletti.com\/wp-content\/uploads\/2024\/04\/slide_home-mobile_open.jpg\"><span data-alt=\"\"><\/span><\/a><\/div><div class=\"rsContent\"><a class=\"rsImg\" data-rsw=\"1080\" data-rsh=\"1400\" href=\"https:\/\/advanceddesign.galletti.com\/wp-content\/uploads\/2024\/04\/slide_home-mobile_tech2.jpg\"><span data-alt=\"\"><\/span><\/a><\/div><\/div><img decoding=\"async\" src=\"https:\/\/advanceddesign.galletti.com\/wp-content\/uploads\/2024\/04\/HU_slide_home-mobile.jpg\" width=\"1080\" height=\"1400\" alt loading=\"lazy\"><\/div><div class=\"w-slider-json\" onclick='return {&quot;autoScaleSlider&quot;:true,&quot;loop&quot;:true,&quot;fadeInLoadedSlide&quot;:false,&quot;slidesSpacing&quot;:0,&quot;imageScalePadding&quot;:0,&quot;numImagesToPreload&quot;:2,&quot;arrowsNav&quot;:true,&quot;arrowsNavAutoHide&quot;:false,&quot;transitionType&quot;:&quot;move&quot;,&quot;transitionSpeed&quot;:250,&quot;block&quot;:{&quot;moveEffect&quot;:&quot;none&quot;,&quot;speed&quot;:300},&quot;thumbs&quot;:{&quot;fitInViewport&quot;:false},&quot;controlNavigation&quot;:&quot;none&quot;,&quot;imageScaleMode&quot;:&quot;fit&quot;,&quot;autoScaleSliderWidth&quot;:1080,&quot;autoScaleSliderHeight&quot;:1400}'><\/div><\/div><\/div><\/div><\/div><\/div><\/section><section class=\"l-section wpb_row section_text height_huge\"><div class=\"l-section-h i-cf\"><div class=\"g-cols vc_row via_grid cols_1 laptops-cols_inherit tablets-cols_inherit mobiles-cols_1 valign_top type_default stacking_default\"><div class=\"wpb_column vc_column_container\"><div class=\"vc_column-inner\"><div class=\"g-cols wpb_row via_grid cols_7-5 laptops-cols_inherit tablets-cols_inherit mobiles-cols_1 valign_top type_default stacking_default\"><div class=\"wpb_column vc_column_container\"><div class=\"vc_column-inner\"><div class=\"wpb_text_column us_custom_4a593b65 us_animate_this\"><div class=\"wpb_wrapper\"><h2>Design Thinking \u00e9s nyitott innov\u00e1ci\u00f3 az \u00faj, korszer\u0171 megold\u00e1sok\u00e9rt.<\/h2>\n<\/div><\/div><\/div><\/div><div class=\"wpb_column vc_column_container\"><div class=\"vc_column-inner\"><div class=\"wpb_text_column us_custom_5374f916 us_animate_this\"><div class=\"wpb_wrapper\"><p>Innovat\u00edv megk\u00f6zel\u00edt\u00e9ssel dolgozunk, mert megold\u00e1sainkat egy olyan \u00f6kosziszt\u00e9ma k\u00f6z\u00e9ppontjak\u00e9nt k\u00e9pzelj\u00fck el, amely a k\u00f6rnyezet\u00e9p\u00edt\u00e9s \u00faj paradigm\u00e1ib\u00f3l indul ki, \u00e9s c\u00e9lj\u00e1nak az emberek k\u00e9nyelm\u00e9t tekinti.<br \/>\nK\u00fcl\u00f6nf\u00e9le tudom\u00e1ny\u00e1gak \u00e9s szektorok inspir\u00e1lnak \u00e9lenj\u00e1r\u00f3 megold\u00e1saink l\u00e9trehoz\u00e1s\u00e1ra, amelyek egyform\u00e1n megfelelnek a felhaszn\u00e1l\u00f3k ig\u00e9nyeinek \u00e9s a fenntarthat\u00f3s\u00e1g k\u00f6vetelm\u00e9nyeinek. Ez a diz\u00e1jngondolkod\u00e1s. Ezt nevezz\u00fck nyitott innov\u00e1ci\u00f3nak.<\/p>\n<\/div><\/div><\/div><\/div><\/div><\/div><\/div><\/div><\/div><\/section><section class=\"l-section wpb_row section_slide height_medium width_custom\" style=\"--site-content-width:1250px;\"><div class=\"l-section-h i-cf\"><div class=\"g-cols vc_row via_grid cols_1 laptops-cols_inherit tablets-cols_inherit mobiles-cols_1 valign_top type_default stacking_default\"><div class=\"wpb_column vc_column_container\"><div class=\"vc_column-inner\"><div class=\"g-cols wpb_row via_grid cols_1 laptops-cols_inherit tablets-cols_inherit mobiles-cols_1 valign_top type_default stacking_default\"><div class=\"wpb_column vc_column_container\"><div class=\"vc_column-inner\"><div class=\"w-image align_left\"><div class=\"w-image-h\"><img loading=\"lazy\" decoding=\"async\" width=\"391\" height=\"247\" src=\"https:\/\/advanceddesign.galletti.com\/wp-content\/uploads\/2023\/06\/img_ad_01_home.jpg\" class=\"attachment-full size-full\" alt=\"\" srcset=\"https:\/\/advanceddesign.galletti.com\/wp-content\/uploads\/2023\/06\/img_ad_01_home.jpg 391w, https:\/\/advanceddesign.galletti.com\/wp-content\/uploads\/2023\/06\/img_ad_01_home-300x190.jpg 300w\" sizes=\"auto, (max-width: 391px) 100vw, 391px\" \/><\/div><\/div><div class=\"w-slider style_none fit_scaledown\"><div class=\"w-slider-h\"><div class=\"royalSlider\"><div class=\"rsContent\"><a class=\"rsImg\" data-rsw=\"1153\" data-rsh=\"650\" href=\"https:\/\/advanceddesign.galletti.com\/wp-content\/uploads\/2023\/06\/slide_ad_01_home.jpg\"><span data-alt=\"\"><\/span><\/a><\/div><div class=\"rsContent\"><a class=\"rsImg\" data-rsw=\"1153\" data-rsh=\"650\" href=\"https:\/\/advanceddesign.galletti.com\/wp-content\/uploads\/2023\/06\/slide_ad_02_home.jpg\"><span data-alt=\"\"><\/span><\/a><\/div><div class=\"rsContent\"><a class=\"rsImg\" data-rsw=\"1153\" data-rsh=\"650\" href=\"https:\/\/advanceddesign.galletti.com\/wp-content\/uploads\/2023\/06\/slide_ad_03_home.jpg\"><span data-alt=\"\"><\/span><\/a><\/div><\/div><img decoding=\"async\" src=\"https:\/\/advanceddesign.galletti.com\/wp-content\/uploads\/2023\/06\/slide_ad_01_home.jpg\" width=\"1153\" height=\"650\" alt loading=\"lazy\"><\/div><div class=\"w-slider-json\" onclick='return {&quot;autoScaleSlider&quot;:true,&quot;loop&quot;:true,&quot;fadeInLoadedSlide&quot;:false,&quot;slidesSpacing&quot;:0,&quot;imageScalePadding&quot;:0,&quot;numImagesToPreload&quot;:2,&quot;arrowsNav&quot;:false,&quot;arrowsNavAutoHide&quot;:false,&quot;transitionType&quot;:&quot;fade&quot;,&quot;transitionSpeed&quot;:800,&quot;block&quot;:{&quot;moveEffect&quot;:&quot;none&quot;,&quot;speed&quot;:300},&quot;thumbs&quot;:{&quot;fitInViewport&quot;:false},&quot;controlNavigation&quot;:&quot;none&quot;,&quot;autoplay&quot;:{&quot;enabled&quot;:true,&quot;pauseOnHover&quot;:false,&quot;delay&quot;:3000},&quot;imageScaleMode&quot;:&quot;fit-if-smaller&quot;,&quot;autoScaleSliderWidth&quot;:1153,&quot;autoScaleSliderHeight&quot;:650}'><\/div><\/div><\/div><\/div><\/div><div class=\"g-cols wpb_row via_grid cols_2 laptops-cols_inherit tablets-cols_inherit mobiles-cols_1 valign_top type_default stacking_default\"><div class=\"wpb_column vc_column_container\"><div class=\"vc_column-inner\"><div class=\"wpb_text_column\"><div class=\"wpb_wrapper\"><h1>Advanced<br \/>\nDesign<\/h1>\n<\/div><\/div><\/div><\/div><div class=\"wpb_column vc_column_container\"><div class=\"vc_column-inner\"><div class=\"w-image align_right\"><div class=\"w-image-h\"><img loading=\"lazy\" decoding=\"async\" width=\"327\" height=\"494\" src=\"https:\/\/advanceddesign.galletti.com\/wp-content\/uploads\/2024\/03\/chiller-homepage.jpg\" class=\"attachment-full size-full\" alt=\"\" srcset=\"https:\/\/advanceddesign.galletti.com\/wp-content\/uploads\/2024\/03\/chiller-homepage.jpg 327w, https:\/\/advanceddesign.galletti.com\/wp-content\/uploads\/2024\/03\/chiller-homepage-199x300.jpg 199w\" sizes=\"auto, (max-width: 327px) 100vw, 327px\" \/><\/div><\/div><\/div><\/div><\/div><\/div><\/div><\/div><\/div><\/section><section class=\"l-section wpb_row us_custom_f029a2ba section_text height_small\"><div class=\"l-section-h i-cf\"><div class=\"g-cols vc_row via_grid cols_1 laptops-cols_inherit tablets-cols_inherit mobiles-cols_1 valign_top type_default stacking_default\"><div class=\"wpb_column vc_column_container\"><div class=\"vc_column-inner\"><div class=\"g-cols wpb_row via_grid cols_5-7 laptops-cols_inherit tablets-cols_inherit mobiles-cols_1 valign_top type_default stacking_default\"><div class=\"wpb_column vc_column_container\"><div class=\"vc_column-inner\"><div class=\"wpb_text_column us_custom_5374f916 us_animate_this\"><div class=\"wpb_wrapper\"><p>A j\u00f6v\u0151 tervez\u00e9se nem csup\u00e1n a \u201esz\u00e9p megjelen\u00e9s\u201d keres\u00e9s\u00e9t jelenti, hanem az ide\u00e1lis kapcsolat keres\u00e9s\u00e9t is a technol\u00f3gia \u00e9s a k\u00f6rnyezet k\u00f6z\u00f6tt. A t\u00f6k\u00e9letes klimatiz\u00e1l\u00e1s \u00e9lm\u00e9ny\u00e9nek biztos\u00edt\u00e1sa egyszerre a c\u00e9lunk, \u00e9s sikereink kulcsa is. Ez a mi elk\u00e9pzel\u00e9s\u00fcnk a v\u00e1llalkoz\u00e1sr\u00f3l, ezt az utat k\u00f6vetj\u00fck a Galleti Advanced Design projekt\u00fcnkkel \u00e9s term\u00e9keinkkel is.<br \/>\nHelyezz\u00e9k magukat k\u00e9nyelembe!<\/p>\n<\/div><\/div><\/div><\/div><div class=\"wpb_column vc_column_container\"><div class=\"vc_column-inner\"><div class=\"wpb_text_column us_custom_4a593b65 us_animate_this\"><div class=\"wpb_wrapper\"><h2>A k\u00e9nyelmi klimatiz\u00e1l\u00e1son t\u00fal, a hat\u00e9konys\u00e1g, a tervez\u00e9s, az anyagok \u00e9s a szem\u00e9lyre szabhat\u00f3s\u00e1g \u00faj koncepci\u00f3i\u00e9rt.<\/h2>\n<\/div><\/div><\/div><\/div><\/div><\/div><\/div><\/div><\/div><\/section><section class=\"l-section wpb_row section_carousel carousel_1 height_small width_full\"><div class=\"l-section-h i-cf\"><div class=\"g-cols vc_row via_grid cols_1 laptops-cols_inherit tablets-cols_inherit mobiles-cols_1 valign_top type_default stacking_default\"><div class=\"wpb_column vc_column_container\"><div class=\"vc_column-inner\"><div class=\"g-cols wpb_row us_custom_8663b8e9 via_grid cols_1 laptops-cols_inherit tablets-cols_inherit mobiles-cols_1 valign_top type_default stacking_default\"><div class=\"wpb_column vc_column_container\"><div class=\"vc_column-inner\"><\/div><\/div><\/div><\/div><\/div><\/div><\/div><\/section><section class=\"l-section wpb_row section_carousel carousel_2 height_small width_full\"><div class=\"l-section-h i-cf\"><div class=\"g-cols vc_row via_grid cols_1 laptops-cols_inherit tablets-cols_inherit mobiles-cols_1 valign_top type_default stacking_default\"><div class=\"wpb_column vc_column_container\"><div class=\"vc_column-inner\"><div class=\"g-cols wpb_row us_custom_8663b8e9 via_grid cols_1 laptops-cols_inherit tablets-cols_inherit mobiles-cols_1 valign_top type_default stacking_default\"><div class=\"wpb_column vc_column_container\"><div class=\"vc_column-inner\"><\/div><\/div><\/div><\/div><\/div><\/div><\/div><\/section><section class=\"l-section wpb_row section_text section_text_2 height_huge\"><div class=\"l-section-h i-cf\"><div class=\"g-cols vc_row via_grid cols_1 laptops-cols_inherit tablets-cols_inherit mobiles-cols_1 valign_top type_default stacking_default\"><div class=\"wpb_column vc_column_container\"><div class=\"vc_column-inner\"><div class=\"g-cols wpb_row via_grid cols_7-5 laptops-cols_inherit tablets-cols_inherit mobiles-cols_1 valign_top type_default stacking_default\"><div class=\"wpb_column vc_column_container\"><div class=\"vc_column-inner\"><div class=\"wpb_text_column us_custom_4a593b65 us_animate_this\"><div class=\"wpb_wrapper\"><h2>Mi ezen a lencs\u00e9n kereszt\u00fcl szeml\u00e9lj\u00fck a j\u00f6v\u0151t.<\/h2>\n<\/div><\/div><\/div><\/div><div class=\"wpb_column vc_column_container has-link\"><div class=\"vc_column-inner\"><div class=\"wpb_text_column us_custom_5374f916 us_animate_this\"><div class=\"wpb_wrapper\"><p class=\"p1\"><span class=\"s1\">Az anyagmegmunk\u00e1l\u00e1s a XX. sz\u00e1zad kezdete \u00f3ta szenved\u00e9ly\u00fcnk. \u00c9vsz\u00e1zadosn\u00e1l hosszabb t\u00f6rt\u00e9nelm\u00fcnk sor\u00e1n a k\u00e9nyelmi klimatiz\u00e1l\u00e1s szerepl\u0151i k\u00f6z\u00f6tt siker\u00fclt nemzetk\u00f6zi szinten is hivatkoz\u00e1si pontt\u00e1 v\u00e1lnunk, katal\u00f3gusunk a szektor egyik legsz\u00e9lesebb v\u00e1laszt\u00e9kot k\u00edn\u00e1l\u00f3, legteljesebb k\u00f6r\u0171 katal\u00f3gusa. Olyan j\u00f6v\u0151re t\u00f6reksz\u00fcnk, ahol a k\u00e9nyelem a fenntarthat\u00f3s\u00e1g tiszteletben tart\u00e1s\u00e1val, a rendelkez\u00e9sre \u00e1ll\u00f3 er\u0151forr\u00e1sok legjobb kihaszn\u00e1l\u00e1s\u00e1val, valamint egyre hat\u00e9konyabb term\u00e9kek tervez\u00e9s\u00e9vel \u00e9s gy\u00e1rt\u00e1s\u00e1val \u00e9rhet\u0151 el, ez\u00e1ltal minimaliz\u00e1lva e term\u00e9kek \u00e9s rendszerek eg\u00e9sz\u00e9nek hat\u00e1s\u00e1t.<\/span><\/p>\n<p class=\"p1\"><span class=\"s1\">Folyamatosan fejlesztj\u00fck term\u00e9keinket, nem feledve, hogy a rendszer optim\u00e1lis teljes\u00edtm\u00e9nye mindig az \u00f6sszes \u00e9rintett szak\u00e9rtelem hozz\u00e1j\u00e1rul\u00e1s\u00e1nak eredm\u00e9nye. <\/span><span class=\"s1\">\u00datt\u00f6r\u0151 \u00f6tletekkel \u00e9s konkr\u00e9t, fenntarthat\u00f3s\u00e1g-k\u00f6zpont\u00fa megold\u00e1sokkal szeretn\u00e9nk \u00fajradefini\u00e1lni a HVAC szektor szabv\u00e1nyait, a k\u00f6rnyezetre gyakorolt hat\u00e1sunk cs\u00f6kkent\u00e9s\u00e9\u00e9rt.<\/span><\/p>\n<p class=\"p1\"><strong><span class=\"s1\">Ez a Galletti Advanced Design l\u00e9nyege.<\/span><\/strong><\/p>\n<\/div><\/div><\/div><a title=\"Design Solution\" href=\"\/design-solution\/\" class=\"vc_column-link smooth-scroll\"><\/a><\/div><\/div><\/div><\/div><\/div><\/div><\/section><section class=\"l-section wpb_row us_custom_52658dcb section_carousel carousel_3 height_huge width_full\"><div class=\"l-section-h i-cf\"><div class=\"g-cols vc_row via_grid cols_1 laptops-cols_inherit tablets-cols_inherit mobiles-cols_1 valign_top type_default stacking_default\"><div class=\"wpb_column vc_column_container\"><div class=\"vc_column-inner\"><div class=\"g-cols wpb_row us_custom_8663b8e9 via_grid cols_1 laptops-cols_inherit tablets-cols_inherit mobiles-cols_1 valign_top type_default stacking_default\"><div class=\"wpb_column vc_column_container\"><div class=\"vc_column-inner\"><\/div><\/div><\/div><\/div><\/div><\/div><\/div><\/section>\n","protected":false},"excerpt":{"rendered":"Design Thinking \u00e9s nyitott innov\u00e1ci\u00f3 az \u00faj, korszer\u0171 megold\u00e1sok\u00e9rt. Innovat\u00edv megk\u00f6zel\u00edt\u00e9ssel dolgozunk, mert megold\u00e1sainkat egy olyan \u00f6kosziszt\u00e9ma k\u00f6z\u00e9ppontjak\u00e9nt k\u00e9pzelj\u00fck el, amely a k\u00f6rnyezet\u00e9p\u00edt\u00e9s \u00faj paradigm\u00e1ib\u00f3l indul ki, \u00e9s c\u00e9lj\u00e1nak az emberek k\u00e9nyelm\u00e9t tekinti. K\u00fcl\u00f6nf\u00e9le tudom\u00e1ny\u00e1gak \u00e9s szektorok inspir\u00e1lnak \u00e9lenj\u00e1r\u00f3 megold\u00e1saink l\u00e9trehoz\u00e1s\u00e1ra, amelyek egyform\u00e1n megfelelnek a felhaszn\u00e1l\u00f3k ig\u00e9nyeinek \u00e9s a fenntarthat\u00f3s\u00e1g k\u00f6vetelm\u00e9nyeinek. Ez a diz\u00e1jngondolkod\u00e1s. Ezt...","protected":false},"author":2,"featured_media":0,"parent":0,"menu_order":0,"comment_status":"closed","ping_status":"closed","template":"","meta":{"inline_featured_image":false,"footnotes":""},"class_list":["post-6518","page","type-page","status-publish","hentry"],"acf":[],"_links":{"self":[{"href":"https:\/\/advanceddesign.galletti.com\/hu\/wp-json\/wp\/v2\/pages\/6518","targetHints":{"allow":["GET"]}}],"collection":[{"href":"https:\/\/advanceddesign.galletti.com\/hu\/wp-json\/wp\/v2\/pages"}],"about":[{"href":"https:\/\/advanceddesign.galletti.com\/hu\/wp-json\/wp\/v2\/types\/page"}],"author":[{"embeddable":true,"href":"https:\/\/advanceddesign.galletti.com\/hu\/wp-json\/wp\/v2\/users\/2"}],"replies":[{"embeddable":true,"href":"https:\/\/advanceddesign.galletti.com\/hu\/wp-json\/wp\/v2\/comments?post=6518"}],"version-history":[{"count":10,"href":"https:\/\/advanceddesign.galletti.com\/hu\/wp-json\/wp\/v2\/pages\/6518\/revisions"}],"predecessor-version":[{"id":6542,"href":"https:\/\/advanceddesign.galletti.com\/hu\/wp-json\/wp\/v2\/pages\/6518\/revisions\/6542"}],"wp:attachment":[{"href":"https:\/\/advanceddesign.galletti.com\/hu\/wp-json\/wp\/v2\/media?parent=6518"}],"curies":[{"name":"wp","href":"https:\/\/api.w.org\/{rel}","templated":true}]}}